{"id":85090,"date":"2023-02-28T14:18:19","date_gmt":"2023-02-28T13:18:19","guid":{"rendered":"https:\/\/www.fundacionnaturgy.org\/?post_type=product&#038;p=85090"},"modified":"2023-05-19T13:09:58","modified_gmt":"2023-05-19T11:09:58","slug":"webinar-converses-economia-circular-i-energia","status":"publish","type":"product","link":"https:\/\/www.fundacionnaturgy.org\/ca\/publicacion\/webinar-converses-economia-circular-i-energia\/","title":{"rendered":"Webinar converses \u00abEconomia circular i Energia\u00bb"},"content":{"rendered":"<p>Fundaci\u00f3 Naturgy i el Cap\u00edtol Espanyol del Club de Roma van celebrar el 27 de febrer de 2023 el des\u00e8 webinar basat en Converses entre experts al voltant de temes d&#8217;actualitat relacionats amb l&#8217;energia, el medi ambient i la sostenibilitat.<\/p>\n","protected":false},"excerpt":{"rendered":"<p>Fundaci\u00f3 Naturgy i el Cap\u00edtol Espanyol del Club de Roma van celebrar el 27 de febrer de 2023 el des\u00e8 webinar basat en Converses entre experts al voltant de temes d&#8217;actualitat relacionats amb l&#8217;energia, el medi ambient i la sostenibilitat.<\/p>\n","protected":false},"featured_media":84940,"template":"","meta":{"inline_featured_image":false},"categories":[1202,1205,1208],"content-type":[1169],"product_tag":[],"acf":[],"post_class":["post-85090","product","type-product","status-publish","has-post-thumbnail","hentry","category-energies-renovables","category-medi-ambient","category-transicio-energetica","content-type-videos","wordpress-sticky"],"_links":{"self":[{"href":"https:\/\/www.fundacionnaturgy.org\/ca\/wp-json\/wp\/v2\/product\/85090"}],"collection":[{"href":"https:\/\/www.fundacionnaturgy.org\/ca\/wp-json\/wp\/v2\/product"}],"about":[{"href":"https:\/\/www.fundacionnaturgy.org\/ca\/wp-json\/wp\/v2\/types\/product"}],"wp:featuredmedia":[{"embeddable":true,"href":"https:\/\/www.fundacionnaturgy.org\/ca\/wp-json\/wp\/v2\/media\/84940"}],"wp:attachment":[{"href":"https:\/\/www.fundacionnaturgy.org\/ca\/wp-json\/wp\/v2\/media?parent=85090"}],"wp:term":[{"taxonomy":"category","embeddable":true,"href":"https:\/\/www.fundacionnaturgy.org\/ca\/wp-json\/wp\/v2\/categories?post=85090"},{"taxonomy":"content-type","embeddable":true,"href":"https:\/\/www.fundacionnaturgy.org\/ca\/wp-json\/wp\/v2\/content-type?post=85090"},{"taxonomy":"product_tag","embeddable":true,"href":"https:\/\/www.fundacionnaturgy.org\/ca\/wp-json\/wp\/v2\/product_tag?post=85090"}],"curies":[{"name":"wp","href":"https:\/\/api.w.org\/{rel}","templated":true}]}}