{"id":85116,"date":"2023-03-03T09:27:53","date_gmt":"2023-03-03T08:27:53","guid":{"rendered":"https:\/\/www.fundacionnaturgy.org\/?post_type=product&#038;p=85116"},"modified":"2023-03-03T09:33:08","modified_gmt":"2023-03-03T08:33:08","slug":"energy-prospectives-2022","status":"publish","type":"product","link":"https:\/\/www.fundacionnaturgy.org\/ca\/publicacion\/energy-prospectives-2022\/","title":{"rendered":"Energy Prospectives 2022"},"content":{"rendered":"<p>La Fundaci\u00f3 Naturgy i l&#8217;IESE Business School presenten en aquest document una recopilaci\u00f3 de les sessions d&#8217;Energy Prospectives celebrades al llarg del 2022, a les \u00c0lvar Nadal, Jordi Sevilla, Klaus Dieter Borchardt, Hannon Rasool, Llu\u00eds de Guindos i Christopher Pissarides van compartir la seva visi\u00f3 sobre la transici\u00f3 energ\u00e8tica des de diversos angles.<\/p>\n","protected":false},"excerpt":{"rendered":"<p>La Fundaci\u00f3 Naturgy i l&#8217;IESE Business School presenten en aquest document una recopilaci\u00f3 de les sessions d&#8217;Energy Prospectives celebrades al llarg del 2022, a les \u00c0lvar Nadal, Jordi Sevilla, Klaus Dieter Borchardt, Hannon Rasool, Llu\u00eds de Guindos i Christopher Pissarides van compartir la seva visi\u00f3 sobre la transici\u00f3 energ\u00e8tica des de diversos angles.<\/p>\n","protected":false},"featured_media":85114,"template":"","meta":{"inline_featured_image":false},"categories":[1205,1208],"content-type":[1166],"product_tag":[],"acf":[],"post_class":["post-85116","product","type-product","status-publish","has-post-thumbnail","hentry","category-medi-ambient","category-transicio-energetica","content-type-articles-e-informes","wordpress-sticky"],"_links":{"self":[{"href":"https:\/\/www.fundacionnaturgy.org\/ca\/wp-json\/wp\/v2\/product\/85116"}],"collection":[{"href":"https:\/\/www.fundacionnaturgy.org\/ca\/wp-json\/wp\/v2\/product"}],"about":[{"href":"https:\/\/www.fundacionnaturgy.org\/ca\/wp-json\/wp\/v2\/types\/product"}],"wp:featuredmedia":[{"embeddable":true,"href":"https:\/\/www.fundacionnaturgy.org\/ca\/wp-json\/wp\/v2\/media\/85114"}],"wp:attachment":[{"href":"https:\/\/www.fundacionnaturgy.org\/ca\/wp-json\/wp\/v2\/media?parent=85116"}],"wp:term":[{"taxonomy":"category","embeddable":true,"href":"https:\/\/www.fundacionnaturgy.org\/ca\/wp-json\/wp\/v2\/categories?post=85116"},{"taxonomy":"content-type","embeddable":true,"href":"https:\/\/www.fundacionnaturgy.org\/ca\/wp-json\/wp\/v2\/content-type?post=85116"},{"taxonomy":"product_tag","embeddable":true,"href":"https:\/\/www.fundacionnaturgy.org\/ca\/wp-json\/wp\/v2\/product_tag?post=85116"}],"curies":[{"name":"wp","href":"https:\/\/api.w.org\/{rel}","templated":true}]}}