{"id":85435,"date":"2023-04-12T13:08:41","date_gmt":"2023-04-12T11:08:41","guid":{"rendered":"https:\/\/www.fundacionnaturgy.org\/?post_type=product&#038;p=85435"},"modified":"2023-04-25T15:27:17","modified_gmt":"2023-04-25T13:27:17","slug":"la-nova-distribucio-electrica-ciberseguretat-en-la-transformacio-digital","status":"publish","type":"product","link":"https:\/\/www.fundacionnaturgy.org\/ca\/publicacion\/la-nova-distribucio-electrica-ciberseguretat-en-la-transformacio-digital\/","title":{"rendered":"La nova distribuci\u00f3 el\u00e8ctrica: Ciberseguretat en la transformaci\u00f3 digital"},"content":{"rendered":"<p>La transformaci\u00f3 digital modifica els processos de producci\u00f3, distribuci\u00f3 i consum d&#8217;energia. Aquest document aborda els reptes associats a la ciberseguretat en un dels \u00e0mbits m\u00e9s importants en el subministrament d&#8217;energia: la distribuci\u00f3 el\u00e8ctrica.<\/p>\n","protected":false},"excerpt":{"rendered":"<p>La transformaci\u00f3 digital modifica els processos de producci\u00f3, distribuci\u00f3 i consum d&#8217;energia. Aquest document aborda els reptes associats a la ciberseguretat en un dels \u00e0mbits m\u00e9s importants en el subministrament d&#8217;energia: la distribuci\u00f3 el\u00e8ctrica.<\/p>\n","protected":false},"featured_media":85355,"template":"","meta":{"inline_featured_image":false},"categories":[1204,1208],"content-type":[1166,1169],"product_tag":[],"acf":[],"post_class":["post-85435","product","type-product","status-publish","has-post-thumbnail","hentry","category-innovacio-tecnologica","category-transicio-energetica","content-type-articles-e-informes","content-type-videos","wordpress-sticky"],"_links":{"self":[{"href":"https:\/\/www.fundacionnaturgy.org\/ca\/wp-json\/wp\/v2\/product\/85435"}],"collection":[{"href":"https:\/\/www.fundacionnaturgy.org\/ca\/wp-json\/wp\/v2\/product"}],"about":[{"href":"https:\/\/www.fundacionnaturgy.org\/ca\/wp-json\/wp\/v2\/types\/product"}],"wp:featuredmedia":[{"embeddable":true,"href":"https:\/\/www.fundacionnaturgy.org\/ca\/wp-json\/wp\/v2\/media\/85355"}],"wp:attachment":[{"href":"https:\/\/www.fundacionnaturgy.org\/ca\/wp-json\/wp\/v2\/media?parent=85435"}],"wp:term":[{"taxonomy":"category","embeddable":true,"href":"https:\/\/www.fundacionnaturgy.org\/ca\/wp-json\/wp\/v2\/categories?post=85435"},{"taxonomy":"content-type","embeddable":true,"href":"https:\/\/www.fundacionnaturgy.org\/ca\/wp-json\/wp\/v2\/content-type?post=85435"},{"taxonomy":"product_tag","embeddable":true,"href":"https:\/\/www.fundacionnaturgy.org\/ca\/wp-json\/wp\/v2\/product_tag?post=85435"}],"curies":[{"name":"wp","href":"https:\/\/api.w.org\/{rel}","templated":true}]}}