{"id":85557,"date":"2023-05-09T09:54:26","date_gmt":"2023-05-09T07:54:26","guid":{"rendered":"https:\/\/www.fundacionnaturgy.org\/?post_type=product&#038;p=85557"},"modified":"2023-05-19T13:13:45","modified_gmt":"2023-05-19T11:13:45","slug":"webinar-sendes-geopolitiques-de-la-transicio-energetica-relacio-transatlantica","status":"publish","type":"product","link":"https:\/\/www.fundacionnaturgy.org\/ca\/publicacion\/webinar-sendes-geopolitiques-de-la-transicio-energetica-relacio-transatlantica\/","title":{"rendered":"Webinar &#8220;Sendes geopol\u00edtiques de la transici\u00f3 energ\u00e8tica: relaci\u00f3 transatl\u00e0ntica&#8221;"},"content":{"rendered":"<p>El passat 9 de maig de 2023 la Fundaci\u00f3 Naturgy va celebrar la jornada &#8220;Sendes geopol\u00edtiques de la transici\u00f3 energ\u00e8tica: relaci\u00f3 transatl\u00e0ntica&#8221;, organitzada juntament amb el Reial Institut Elcano, en qu\u00e8 analitzem les implicacions geopol\u00edtiques de la transici\u00f3 energ\u00e8tica. La col\u00b7laboraci\u00f3 d&#8217;ambdues institucions explorar\u00e0 el panorama global dibuixat per la transformaci\u00f3 que vivim en l&#8217;\u00e0mbit de l&#8217;energia i el medi ambient.<\/p>\n","protected":false},"excerpt":{"rendered":"<p>El passat 9 de maig de 2023 la Fundaci\u00f3 Naturgy va celebrar la jornada &#8220;Sendes geopol\u00edtiques de la transici\u00f3 energ\u00e8tica: relaci\u00f3 transatl\u00e0ntica&#8221;, organitzada juntament amb el Reial Institut Elcano, en qu\u00e8 analitzem les implicacions geopol\u00edtiques de la transici\u00f3 energ\u00e8tica. La col\u00b7laboraci\u00f3 d&#8217;ambdues institucions explorar\u00e0 el panorama global dibuixat per la transformaci\u00f3 que vivim en l&#8217;\u00e0mbit de l&#8217;energia i el medi ambient.<\/p>\n","protected":false},"featured_media":85521,"template":"","meta":{"inline_featured_image":false},"categories":[1202,1205,1208],"content-type":[1169],"product_tag":[],"acf":[],"post_class":["post-85557","product","type-product","status-publish","has-post-thumbnail","hentry","category-energies-renovables","category-medi-ambient","category-transicio-energetica","content-type-videos","wordpress-sticky"],"_links":{"self":[{"href":"https:\/\/www.fundacionnaturgy.org\/ca\/wp-json\/wp\/v2\/product\/85557"}],"collection":[{"href":"https:\/\/www.fundacionnaturgy.org\/ca\/wp-json\/wp\/v2\/product"}],"about":[{"href":"https:\/\/www.fundacionnaturgy.org\/ca\/wp-json\/wp\/v2\/types\/product"}],"wp:featuredmedia":[{"embeddable":true,"href":"https:\/\/www.fundacionnaturgy.org\/ca\/wp-json\/wp\/v2\/media\/85521"}],"wp:attachment":[{"href":"https:\/\/www.fundacionnaturgy.org\/ca\/wp-json\/wp\/v2\/media?parent=85557"}],"wp:term":[{"taxonomy":"category","embeddable":true,"href":"https:\/\/www.fundacionnaturgy.org\/ca\/wp-json\/wp\/v2\/categories?post=85557"},{"taxonomy":"content-type","embeddable":true,"href":"https:\/\/www.fundacionnaturgy.org\/ca\/wp-json\/wp\/v2\/content-type?post=85557"},{"taxonomy":"product_tag","embeddable":true,"href":"https:\/\/www.fundacionnaturgy.org\/ca\/wp-json\/wp\/v2\/product_tag?post=85557"}],"curies":[{"name":"wp","href":"https:\/\/api.w.org\/{rel}","templated":true}]}}