{"id":85789,"date":"2023-06-06T14:59:23","date_gmt":"2023-06-06T12:59:23","guid":{"rendered":"https:\/\/www.fundacionnaturgy.org\/?post_type=product&#038;p=85789"},"modified":"2023-06-07T16:29:16","modified_gmt":"2023-06-07T14:29:16","slug":"webinar-investigacio-i-innovacio-al-sector-de-lenergia","status":"publish","type":"product","link":"https:\/\/www.fundacionnaturgy.org\/ca\/publicacion\/webinar-investigacio-i-innovacio-al-sector-de-lenergia\/","title":{"rendered":"Webinar &#8220;Investigaci\u00f3 i innovaci\u00f3 al sector de l&#8217;energia&#8221;"},"content":{"rendered":"<p>Fundaci\u00f3 Naturgy i el Consell Superior d&#8217;Investigacions Cient\u00edfiques (CSIC) van celebrar el passat 6 de juny de 2023 una jornada en qu\u00e8 van parlar d&#8217;investigacions disruptives i desenvolupaments prometedors que s&#8217;estan treballant al m\u00f3n de l&#8217;energia.<\/p>\n","protected":false},"excerpt":{"rendered":"<p>Fundaci\u00f3 Naturgy i el Consell Superior d&#8217;Investigacions Cient\u00edfiques (CSIC) van celebrar el passat 6 de juny de 2023 una jornada en qu\u00e8 van parlar d&#8217;investigacions disruptives i desenvolupaments prometedors que s&#8217;estan treballant al m\u00f3n de l&#8217;energia.<\/p>\n","protected":false},"featured_media":85608,"template":"","meta":{"inline_featured_image":false},"categories":[1204,1205,1208],"content-type":[1171,1169],"product_tag":[],"acf":[],"post_class":["post-85789","product","type-product","status-publish","has-post-thumbnail","hentry","category-innovacio-tecnologica","category-medi-ambient","category-transicio-energetica","content-type-presentacio","content-type-videos","wordpress-sticky"],"_links":{"self":[{"href":"https:\/\/www.fundacionnaturgy.org\/ca\/wp-json\/wp\/v2\/product\/85789"}],"collection":[{"href":"https:\/\/www.fundacionnaturgy.org\/ca\/wp-json\/wp\/v2\/product"}],"about":[{"href":"https:\/\/www.fundacionnaturgy.org\/ca\/wp-json\/wp\/v2\/types\/product"}],"wp:featuredmedia":[{"embeddable":true,"href":"https:\/\/www.fundacionnaturgy.org\/ca\/wp-json\/wp\/v2\/media\/85608"}],"wp:attachment":[{"href":"https:\/\/www.fundacionnaturgy.org\/ca\/wp-json\/wp\/v2\/media?parent=85789"}],"wp:term":[{"taxonomy":"category","embeddable":true,"href":"https:\/\/www.fundacionnaturgy.org\/ca\/wp-json\/wp\/v2\/categories?post=85789"},{"taxonomy":"content-type","embeddable":true,"href":"https:\/\/www.fundacionnaturgy.org\/ca\/wp-json\/wp\/v2\/content-type?post=85789"},{"taxonomy":"product_tag","embeddable":true,"href":"https:\/\/www.fundacionnaturgy.org\/ca\/wp-json\/wp\/v2\/product_tag?post=85789"}],"curies":[{"name":"wp","href":"https:\/\/api.w.org\/{rel}","templated":true}]}}