{"id":85921,"date":"2023-06-26T13:59:29","date_gmt":"2023-06-26T11:59:29","guid":{"rendered":"https:\/\/www.fundacionnaturgy.org\/?post_type=product&#038;p=85921"},"modified":"2023-07-14T10:29:54","modified_gmt":"2023-07-14T08:29:54","slug":"demanda-de-calor-a-les-llars-una-transicio-energetica-eficient","status":"publish","type":"product","link":"https:\/\/www.fundacionnaturgy.org\/ca\/publicacion\/demanda-de-calor-a-les-llars-una-transicio-energetica-eficient\/","title":{"rendered":"Demanda de calor a les llars: una transici\u00f3 energ\u00e8tica eficient"},"content":{"rendered":"<p>Fundaci\u00f3 Naturgy publica l&#8217;estudi Demanda de calor a les llars: una transici\u00f3 energ\u00e8tica eficient, realitzat per ADL, en qu\u00e8 s&#8217;analitzen les principals solucions tecnol\u00f2giques disponibles per assolir realment i de manera efica\u00e7 els objectius de reducci\u00f3 d&#8217;emissions en l&#8217;\u00e0mbit dom\u00e8stic tenint en compta la varietat clim\u00e0tica d&#8217;Espanya i les caracter\u00edstiques de la seva poblaci\u00f3 i el seu parc immobiliari.<\/p>\n","protected":false},"excerpt":{"rendered":"<p>Fundaci\u00f3 Naturgy publica l&#8217;estudi Demanda de calor a les llars: una transici\u00f3 energ\u00e8tica eficient, realitzat per ADL, en qu\u00e8 s&#8217;analitzen les principals solucions tecnol\u00f2giques disponibles per assolir realment i de manera efica\u00e7 els objectius de reducci\u00f3 d&#8217;emissions en l&#8217;\u00e0mbit dom\u00e8stic tenint en compta la varietat clim\u00e0tica d&#8217;Espanya i les caracter\u00edstiques de la seva poblaci\u00f3 i el seu parc immobiliari.<\/p>\n","protected":false},"featured_media":85474,"template":"","meta":{"inline_featured_image":false},"categories":[1200,1202,1205,1208,1209],"content-type":[1166,1169],"product_tag":[],"acf":[],"post_class":["post-85921","product","type-product","status-publish","has-post-thumbnail","hentry","category-eficiencia-energetica-ca","category-energies-renovables","category-medi-ambient","category-transicio-energetica","category-vulnerabilitat-energetica","content-type-articles-e-informes","content-type-videos","wordpress-sticky"],"_links":{"self":[{"href":"https:\/\/www.fundacionnaturgy.org\/ca\/wp-json\/wp\/v2\/product\/85921"}],"collection":[{"href":"https:\/\/www.fundacionnaturgy.org\/ca\/wp-json\/wp\/v2\/product"}],"about":[{"href":"https:\/\/www.fundacionnaturgy.org\/ca\/wp-json\/wp\/v2\/types\/product"}],"wp:featuredmedia":[{"embeddable":true,"href":"https:\/\/www.fundacionnaturgy.org\/ca\/wp-json\/wp\/v2\/media\/85474"}],"wp:attachment":[{"href":"https:\/\/www.fundacionnaturgy.org\/ca\/wp-json\/wp\/v2\/media?parent=85921"}],"wp:term":[{"taxonomy":"category","embeddable":true,"href":"https:\/\/www.fundacionnaturgy.org\/ca\/wp-json\/wp\/v2\/categories?post=85921"},{"taxonomy":"content-type","embeddable":true,"href":"https:\/\/www.fundacionnaturgy.org\/ca\/wp-json\/wp\/v2\/content-type?post=85921"},{"taxonomy":"product_tag","embeddable":true,"href":"https:\/\/www.fundacionnaturgy.org\/ca\/wp-json\/wp\/v2\/product_tag?post=85921"}],"curies":[{"name":"wp","href":"https:\/\/api.w.org\/{rel}","templated":true}]}}