{"id":85958,"date":"2022-12-15T10:57:56","date_gmt":"2022-12-15T09:57:56","guid":{"rendered":"https:\/\/www.fundacionnaturgy.org\/?post_type=product&#038;p=85958"},"modified":"2023-06-30T10:16:40","modified_gmt":"2023-06-30T08:16:40","slug":"impacte-de-la-situacio-actual-sobre-els-mercats-de-gas-i-les-seves-implicacions-en-la-transicio-energetica-a-la-unio-europea-i-espanya","status":"publish","type":"product","link":"https:\/\/www.fundacionnaturgy.org\/ca\/publicacion\/impacte-de-la-situacio-actual-sobre-els-mercats-de-gas-i-les-seves-implicacions-en-la-transicio-energetica-a-la-unio-europea-i-espanya\/","title":{"rendered":"Impacte de la situaci\u00f3 actual sobre els mercats de gas i les seves implicacions en la transici\u00f3 energ\u00e8tica a la Uni\u00f3 Europea i Espanya"},"content":{"rendered":"<p>Informe en qu\u00e8 s&#8217;aborda com la situaci\u00f3 actual del mercat de gas a Europa est\u00e0 impactant en els preus i contractes a llarg termini, a m\u00e9s de descriure com \u00e9s aquest mercat a la Uni\u00f3 Europea ia Espanya i els reptes a qu\u00e8 s&#8217;enfronta, com a pe\u00e7a clau dins de la transici\u00f3 energ\u00e8tica.<\/p>\n","protected":false},"excerpt":{"rendered":"<p>Informe en qu\u00e8 s&#8217;aborda com la situaci\u00f3 actual del mercat de gas a Europa est\u00e0 impactant en els preus i contractes a llarg termini, a m\u00e9s de descriure com \u00e9s aquest mercat a la Uni\u00f3 Europea ia Espanya i els reptes a qu\u00e8 s&#8217;enfronta, com a pe\u00e7a clau dins de la transici\u00f3 energ\u00e8tica.<\/p>\n","protected":false},"featured_media":83972,"template":"","meta":{"inline_featured_image":false},"categories":[1202,1205,1208],"content-type":[1166,1169],"product_tag":[],"acf":[],"post_class":["post-85958","product","type-product","status-publish","has-post-thumbnail","hentry","category-energies-renovables","category-medi-ambient","category-transicio-energetica","content-type-articles-e-informes","content-type-videos","wordpress-sticky"],"_links":{"self":[{"href":"https:\/\/www.fundacionnaturgy.org\/ca\/wp-json\/wp\/v2\/product\/85958"}],"collection":[{"href":"https:\/\/www.fundacionnaturgy.org\/ca\/wp-json\/wp\/v2\/product"}],"about":[{"href":"https:\/\/www.fundacionnaturgy.org\/ca\/wp-json\/wp\/v2\/types\/product"}],"wp:featuredmedia":[{"embeddable":true,"href":"https:\/\/www.fundacionnaturgy.org\/ca\/wp-json\/wp\/v2\/media\/83972"}],"wp:attachment":[{"href":"https:\/\/www.fundacionnaturgy.org\/ca\/wp-json\/wp\/v2\/media?parent=85958"}],"wp:term":[{"taxonomy":"category","embeddable":true,"href":"https:\/\/www.fundacionnaturgy.org\/ca\/wp-json\/wp\/v2\/categories?post=85958"},{"taxonomy":"content-type","embeddable":true,"href":"https:\/\/www.fundacionnaturgy.org\/ca\/wp-json\/wp\/v2\/content-type?post=85958"},{"taxonomy":"product_tag","embeddable":true,"href":"https:\/\/www.fundacionnaturgy.org\/ca\/wp-json\/wp\/v2\/product_tag?post=85958"}],"curies":[{"name":"wp","href":"https:\/\/api.w.org\/{rel}","templated":true}]}}