{"id":85959,"date":"2023-01-16T16:28:15","date_gmt":"2023-01-16T15:28:15","guid":{"rendered":"https:\/\/www.fundacionnaturgy.org\/?post_type=product&#038;p=85959"},"modified":"2023-06-30T10:59:11","modified_gmt":"2023-06-30T08:59:11","slug":"geopolitica-de-les-renovables-i-les-noves-geografies-de-lenergia","status":"publish","type":"product","link":"https:\/\/www.fundacionnaturgy.org\/ca\/publicacion\/geopolitica-de-les-renovables-i-les-noves-geografies-de-lenergia\/","title":{"rendered":"Geopol\u00edtica de les renovables i les noves geografies de l&#8217;energia"},"content":{"rendered":"<p>La transici\u00f3 del r\u00e8gim energ\u00e8tic f\u00f2ssil al renovable implica tamb\u00e9 un canvi en els equilibris geopol\u00edtics i un reposicionament estrat\u00e8gic gradual dels actors principals.<\/p>\n<p>Gonzalo Escribano, catedr\u00e0tic d&#8217;Economia Aplicada a UNED i director del Programa d&#8217;Energia i Clima del Reial Institut Elcano, analitza la influ\u00e8ncia bidireccional entre la geopol\u00edtica i el desplegament de renovables, a m\u00e9s de repassar com ser\u00e0 la probable distribuci\u00f3 geogr\u00e0fica i la principal literatura sobre la seva geopol\u00edtica.<\/p>\n","protected":false},"excerpt":{"rendered":"<p>La transici\u00f3 del r\u00e8gim energ\u00e8tic f\u00f2ssil al renovable implica tamb\u00e9 un canvi en els equilibris geopol\u00edtics i un reposicionament estrat\u00e8gic gradual dels actors principals.<\/p>\n<p>Gonzalo Escribano, catedr\u00e0tic d&#8217;Economia Aplicada a UNED i director del Programa d&#8217;Energia i Clima del Reial Institut Elcano, analitza la influ\u00e8ncia bidireccional entre la geopol\u00edtica i el desplegament de renovables, a m\u00e9s de repassar com ser\u00e0 la probable distribuci\u00f3 geogr\u00e0fica i la principal literatura sobre la seva geopol\u00edtica.<\/p>\n","protected":false},"featured_media":84207,"template":"","meta":{"inline_featured_image":false},"categories":[1202,1205,1208],"content-type":[1166],"product_tag":[],"acf":[],"post_class":["post-85959","product","type-product","status-publish","has-post-thumbnail","hentry","category-energies-renovables","category-medi-ambient","category-transicio-energetica","content-type-articles-e-informes","wordpress-sticky"],"_links":{"self":[{"href":"https:\/\/www.fundacionnaturgy.org\/ca\/wp-json\/wp\/v2\/product\/85959"}],"collection":[{"href":"https:\/\/www.fundacionnaturgy.org\/ca\/wp-json\/wp\/v2\/product"}],"about":[{"href":"https:\/\/www.fundacionnaturgy.org\/ca\/wp-json\/wp\/v2\/types\/product"}],"wp:featuredmedia":[{"embeddable":true,"href":"https:\/\/www.fundacionnaturgy.org\/ca\/wp-json\/wp\/v2\/media\/84207"}],"wp:attachment":[{"href":"https:\/\/www.fundacionnaturgy.org\/ca\/wp-json\/wp\/v2\/media?parent=85959"}],"wp:term":[{"taxonomy":"category","embeddable":true,"href":"https:\/\/www.fundacionnaturgy.org\/ca\/wp-json\/wp\/v2\/categories?post=85959"},{"taxonomy":"content-type","embeddable":true,"href":"https:\/\/www.fundacionnaturgy.org\/ca\/wp-json\/wp\/v2\/content-type?post=85959"},{"taxonomy":"product_tag","embeddable":true,"href":"https:\/\/www.fundacionnaturgy.org\/ca\/wp-json\/wp\/v2\/product_tag?post=85959"}],"curies":[{"name":"wp","href":"https:\/\/api.w.org\/{rel}","templated":true}]}}