{"id":85961,"date":"2023-05-08T15:19:02","date_gmt":"2023-05-08T13:19:02","guid":{"rendered":"https:\/\/www.fundacionnaturgy.org\/?post_type=product&#038;p=85961"},"modified":"2023-06-30T12:11:17","modified_gmt":"2023-06-30T10:11:17","slug":"webinar-situacio-del-sector-energetic","status":"publish","type":"product","link":"https:\/\/www.fundacionnaturgy.org\/ca\/publicacion\/webinar-situacio-del-sector-energetic\/","title":{"rendered":"Webinar &#8220;Situaci\u00f3 del sector energ\u00e8tic&#8221;"},"content":{"rendered":"<p>Jornada en col\u00b7laboraci\u00f3 amb el Cercle d\u2019Economia, en qu\u00e8 s&#8217;aborda la situaci\u00f3 del sector energ\u00e8tic en la complexa conjuntura internacional que estem vivint amb focus especial a Europa i Espanya.<\/p>\n","protected":false},"excerpt":{"rendered":"<p>Jornada en col\u00b7laboraci\u00f3 amb el Cercle d\u2019Economia, en qu\u00e8 s&#8217;aborda la situaci\u00f3 del sector energ\u00e8tic en la complexa conjuntura internacional que estem vivint amb focus especial a Europa i Espanya.<\/p>\n","protected":false},"featured_media":85502,"template":"","meta":{"inline_featured_image":false},"categories":[1202,1205,1208],"content-type":[1169],"product_tag":[],"acf":[],"post_class":["post-85961","product","type-product","status-publish","has-post-thumbnail","hentry","category-energies-renovables","category-medi-ambient","category-transicio-energetica","content-type-videos","wordpress-sticky"],"_links":{"self":[{"href":"https:\/\/www.fundacionnaturgy.org\/ca\/wp-json\/wp\/v2\/product\/85961"}],"collection":[{"href":"https:\/\/www.fundacionnaturgy.org\/ca\/wp-json\/wp\/v2\/product"}],"about":[{"href":"https:\/\/www.fundacionnaturgy.org\/ca\/wp-json\/wp\/v2\/types\/product"}],"wp:featuredmedia":[{"embeddable":true,"href":"https:\/\/www.fundacionnaturgy.org\/ca\/wp-json\/wp\/v2\/media\/85502"}],"wp:attachment":[{"href":"https:\/\/www.fundacionnaturgy.org\/ca\/wp-json\/wp\/v2\/media?parent=85961"}],"wp:term":[{"taxonomy":"category","embeddable":true,"href":"https:\/\/www.fundacionnaturgy.org\/ca\/wp-json\/wp\/v2\/categories?post=85961"},{"taxonomy":"content-type","embeddable":true,"href":"https:\/\/www.fundacionnaturgy.org\/ca\/wp-json\/wp\/v2\/content-type?post=85961"},{"taxonomy":"product_tag","embeddable":true,"href":"https:\/\/www.fundacionnaturgy.org\/ca\/wp-json\/wp\/v2\/product_tag?post=85961"}],"curies":[{"name":"wp","href":"https:\/\/api.w.org\/{rel}","templated":true}]}}