{"id":85963,"date":"2022-12-07T10:10:46","date_gmt":"2022-12-07T09:10:46","guid":{"rendered":"https:\/\/www.fundacionnaturgy.org\/?post_type=product&#038;p=85963"},"modified":"2023-06-30T12:27:58","modified_gmt":"2023-06-30T10:27:58","slug":"conferencia-de-les-parts-de-canvi-climatic-de-les-nacions-unides-a-sharm-el-sheikh","status":"publish","type":"product","link":"https:\/\/www.fundacionnaturgy.org\/ca\/publicacion\/conferencia-de-les-parts-de-canvi-climatic-de-les-nacions-unides-a-sharm-el-sheikh\/","title":{"rendered":"Confer\u00e8ncia de les Parts de canvi clim\u00e0tic de les Nacions Unides a Sharm el-Sheikh"},"content":{"rendered":"<p>En aquest informe s&#8217;expliquen les principals caracter\u00edstiques de les COP, quins eren els principals objectius que hi havia per a la Confer\u00e8ncia a Egipte i els acords assolits, aix\u00ed com els reptes pendents de cara a la propera Confer\u00e8ncia a celebrar als Uni\u00f3 dels Emirats \u00c0rabs el 2023.<\/p>\n","protected":false},"excerpt":{"rendered":"<p>En aquest informe s&#8217;expliquen les principals caracter\u00edstiques de les COP, quins eren els principals objectius que hi havia per a la Confer\u00e8ncia a Egipte i els acords assolits, aix\u00ed com els reptes pendents de cara a la propera Confer\u00e8ncia a celebrar als Uni\u00f3 dels Emirats \u00c0rabs el 2023.<\/p>\n","protected":false},"featured_media":84103,"template":"","meta":{"inline_featured_image":false},"categories":[1202,1205,1207,1208],"content-type":[1166],"product_tag":[],"acf":[],"post_class":["post-85963","product","type-product","status-publish","has-post-thumbnail","hentry","category-energies-renovables","category-medi-ambient","category-qualitat-de-laire","category-transicio-energetica","content-type-articles-e-informes","wordpress-sticky"],"_links":{"self":[{"href":"https:\/\/www.fundacionnaturgy.org\/ca\/wp-json\/wp\/v2\/product\/85963"}],"collection":[{"href":"https:\/\/www.fundacionnaturgy.org\/ca\/wp-json\/wp\/v2\/product"}],"about":[{"href":"https:\/\/www.fundacionnaturgy.org\/ca\/wp-json\/wp\/v2\/types\/product"}],"wp:featuredmedia":[{"embeddable":true,"href":"https:\/\/www.fundacionnaturgy.org\/ca\/wp-json\/wp\/v2\/media\/84103"}],"wp:attachment":[{"href":"https:\/\/www.fundacionnaturgy.org\/ca\/wp-json\/wp\/v2\/media?parent=85963"}],"wp:term":[{"taxonomy":"category","embeddable":true,"href":"https:\/\/www.fundacionnaturgy.org\/ca\/wp-json\/wp\/v2\/categories?post=85963"},{"taxonomy":"content-type","embeddable":true,"href":"https:\/\/www.fundacionnaturgy.org\/ca\/wp-json\/wp\/v2\/content-type?post=85963"},{"taxonomy":"product_tag","embeddable":true,"href":"https:\/\/www.fundacionnaturgy.org\/ca\/wp-json\/wp\/v2\/product_tag?post=85963"}],"curies":[{"name":"wp","href":"https:\/\/api.w.org\/{rel}","templated":true}]}}