{"id":85967,"date":"2022-12-13T12:39:29","date_gmt":"2022-12-13T11:39:29","guid":{"rendered":"https:\/\/www.fundacionnaturgy.org\/?post_type=product&#038;p=85967"},"modified":"2023-06-30T13:03:22","modified_gmt":"2023-06-30T11:03:22","slug":"la-regulacio-del-sistema-gasista-espanyol-i-possibles-linies-de-reforma","status":"publish","type":"product","link":"https:\/\/www.fundacionnaturgy.org\/ca\/publicacion\/la-regulacio-del-sistema-gasista-espanyol-i-possibles-linies-de-reforma\/","title":{"rendered":"La regulaci\u00f3 del sistema gasista espanyol i possibles l\u00ednies de reforma"},"content":{"rendered":"<p>Article que recull la visi\u00f3 general del sistema gasista espanyol, la seva regulaci\u00f3 centrada en l&#8217;objectiu d&#8217;assolir la liberalitzaci\u00f3 completa del mercat de gas natural amb el m\u00ednim cost per a ciutadans i empreses i els possibles \u00e0mbits de reforma del sistema.<\/p>\n","protected":false},"excerpt":{"rendered":"<p>Article que recull la visi\u00f3 general del sistema gasista espanyol, la seva regulaci\u00f3 centrada en l&#8217;objectiu d&#8217;assolir la liberalitzaci\u00f3 completa del mercat de gas natural amb el m\u00ednim cost per a ciutadans i empreses i els possibles \u00e0mbits de reforma del sistema.<\/p>\n","protected":false},"featured_media":84151,"template":"","meta":{"inline_featured_image":false},"categories":[1201,1204,1205,1208],"content-type":[1166],"product_tag":[],"acf":[],"post_class":["post-85967","product","type-product","status-publish","has-post-thumbnail","hentry","category-energia-i-transport","category-innovacio-tecnologica","category-medi-ambient","category-transicio-energetica","content-type-articles-e-informes","wordpress-sticky"],"_links":{"self":[{"href":"https:\/\/www.fundacionnaturgy.org\/ca\/wp-json\/wp\/v2\/product\/85967"}],"collection":[{"href":"https:\/\/www.fundacionnaturgy.org\/ca\/wp-json\/wp\/v2\/product"}],"about":[{"href":"https:\/\/www.fundacionnaturgy.org\/ca\/wp-json\/wp\/v2\/types\/product"}],"wp:featuredmedia":[{"embeddable":true,"href":"https:\/\/www.fundacionnaturgy.org\/ca\/wp-json\/wp\/v2\/media\/84151"}],"wp:attachment":[{"href":"https:\/\/www.fundacionnaturgy.org\/ca\/wp-json\/wp\/v2\/media?parent=85967"}],"wp:term":[{"taxonomy":"category","embeddable":true,"href":"https:\/\/www.fundacionnaturgy.org\/ca\/wp-json\/wp\/v2\/categories?post=85967"},{"taxonomy":"content-type","embeddable":true,"href":"https:\/\/www.fundacionnaturgy.org\/ca\/wp-json\/wp\/v2\/content-type?post=85967"},{"taxonomy":"product_tag","embeddable":true,"href":"https:\/\/www.fundacionnaturgy.org\/ca\/wp-json\/wp\/v2\/product_tag?post=85967"}],"curies":[{"name":"wp","href":"https:\/\/api.w.org\/{rel}","templated":true}]}}