{"id":85975,"date":"2023-06-27T09:13:36","date_gmt":"2023-06-27T07:13:36","guid":{"rendered":"https:\/\/www.fundacionnaturgy.org\/?post_type=product&#038;p=85975"},"modified":"2023-06-30T13:53:48","modified_gmt":"2023-06-30T11:53:48","slug":"avaluacio-de-limpacte-de-la-rehabilitacio-expres-a-la-pobresa-energetica-analisi-de-casos-reals","status":"publish","type":"product","link":"https:\/\/www.fundacionnaturgy.org\/ca\/publicacion\/avaluacio-de-limpacte-de-la-rehabilitacio-expres-a-la-pobresa-energetica-analisi-de-casos-reals\/","title":{"rendered":"Avaluaci\u00f3 de l&#8217;impacte de la rehabilitaci\u00f3 expr\u00e9s a la pobresa energ\u00e8tica: an\u00e0lisi de casos reals"},"content":{"rendered":"<p>La rehabilitaci\u00f3 expr\u00e9s i tallers de formaci\u00f3 dirigits a millorar els h\u00e0bits de consum de les persones a casa seva s\u00f3n dues de les mesures encaminades a reduir la pobresa energ\u00e8tica, a m\u00e9s d&#8217;aportar addicionalment altres beneficis com la millora de la salut f\u00edsica i mental de les persones en aquesta situaci\u00f3 i lincrement de les condicions dhabitabilitat dun habitatge.<\/p>\n","protected":false},"excerpt":{"rendered":"<p>La rehabilitaci\u00f3 expr\u00e9s i tallers de formaci\u00f3 dirigits a millorar els h\u00e0bits de consum de les persones a casa seva s\u00f3n dues de les mesures encaminades a reduir la pobresa energ\u00e8tica, a m\u00e9s d&#8217;aportar addicionalment altres beneficis com la millora de la salut f\u00edsica i mental de les persones en aquesta situaci\u00f3 i lincrement de les condicions dhabitabilitat dun habitatge.<\/p>\n","protected":false},"featured_media":85928,"template":"","meta":{"inline_featured_image":false},"categories":[1208,1209],"content-type":[1166,1169],"product_tag":[],"acf":[],"post_class":["post-85975","product","type-product","status-publish","has-post-thumbnail","hentry","category-transicio-energetica","category-vulnerabilitat-energetica","content-type-articles-e-informes","content-type-videos","wordpress-sticky"],"_links":{"self":[{"href":"https:\/\/www.fundacionnaturgy.org\/ca\/wp-json\/wp\/v2\/product\/85975"}],"collection":[{"href":"https:\/\/www.fundacionnaturgy.org\/ca\/wp-json\/wp\/v2\/product"}],"about":[{"href":"https:\/\/www.fundacionnaturgy.org\/ca\/wp-json\/wp\/v2\/types\/product"}],"wp:featuredmedia":[{"embeddable":true,"href":"https:\/\/www.fundacionnaturgy.org\/ca\/wp-json\/wp\/v2\/media\/85928"}],"wp:attachment":[{"href":"https:\/\/www.fundacionnaturgy.org\/ca\/wp-json\/wp\/v2\/media?parent=85975"}],"wp:term":[{"taxonomy":"category","embeddable":true,"href":"https:\/\/www.fundacionnaturgy.org\/ca\/wp-json\/wp\/v2\/categories?post=85975"},{"taxonomy":"content-type","embeddable":true,"href":"https:\/\/www.fundacionnaturgy.org\/ca\/wp-json\/wp\/v2\/content-type?post=85975"},{"taxonomy":"product_tag","embeddable":true,"href":"https:\/\/www.fundacionnaturgy.org\/ca\/wp-json\/wp\/v2\/product_tag?post=85975"}],"curies":[{"name":"wp","href":"https:\/\/api.w.org\/{rel}","templated":true}]}}