{"id":85977,"date":"2023-06-14T12:40:30","date_gmt":"2023-06-14T10:40:30","guid":{"rendered":"https:\/\/www.fundacionnaturgy.org\/?post_type=product&#038;p=85977"},"modified":"2026-01-29T11:43:47","modified_gmt":"2026-01-29T10:43:47","slug":"locupacio-de-les-dones-a-la-transicio-energetica-justa-a-espanya","status":"publish","type":"product","link":"https:\/\/www.fundacionnaturgy.org\/ca\/publicacion\/locupacio-de-les-dones-a-la-transicio-energetica-justa-a-espanya\/","title":{"rendered":"L&#8217;ocupaci\u00f3 de les dones a la transici\u00f3 energ\u00e8tica justa a Espanya"},"content":{"rendered":"<p>Fundaci\u00f3 Naturgy presenta l&#8217;estudi in\u00e8dit L&#8217;ocupaci\u00f3 de les dones a la transici\u00f3 energ\u00e8tica justa a Espanya, que ha comptat amb la col\u00b7laboraci\u00f3 de l&#8217;Institut per a la Transici\u00f3 Justa.<\/p>\n<p>Es tracta del primer informe que proporciona un diagn\u00f2stic ajustat i complet sobre la situaci\u00f3 de la dona al mercat laboral vinculat a la transici\u00f3 energ\u00e8tica dins de les importants transformacions econ\u00f2miques i productives vinculades a la transici\u00f3 energ\u00e8tica neta, tant directament com indirectament, utilitzant una multiplicitat de fonts estad\u00edstiques.<\/p>\n<p>L&#8217;estudi, recolzat per l&#8217;an\u00e0lisi quantitativa i qualitativa sobre l&#8217;ocupaci\u00f3 als sectors assenyalats desenvolupat per Abay Analistas, ofereix articles d&#8217;un grup de professionals experts independents als \u00e0mbits d&#8217;ocupaci\u00f3, igualtat de g\u00e8nere i transici\u00f3 energ\u00e8tica, coordinat per la polit\u00f2loga Cristina Monge.<\/p>\n","protected":false},"excerpt":{"rendered":"<p>Fundaci\u00f3 Naturgy presenta l&#8217;estudi in\u00e8dit\u00a0L&#8217;ocupaci\u00f3 de les dones en la transici\u00f3 energ\u00e8tica Justa a Espanya, que ha comptat amb la col\u00b7laboraci\u00f3 de l&#8217;Institut per a la Transici\u00f3 Justa.<\/p>\n","protected":false},"featured_media":85856,"template":"","meta":{"inline_featured_image":false},"categories":[242,1233,1231,1229,1208],"content-type":[1166,1169],"product_tag":[],"acf":[],"post_class":["post-85977","product","type-product","status-publish","has-post-thumbnail","hentry","category-educacio-divulgacio","category-energia-ca","category-formacio","category-ocupacio","category-transicio-energetica","content-type-articles-e-informes","content-type-videos","wordpress-sticky"],"_links":{"self":[{"href":"https:\/\/www.fundacionnaturgy.org\/ca\/wp-json\/wp\/v2\/product\/85977"}],"collection":[{"href":"https:\/\/www.fundacionnaturgy.org\/ca\/wp-json\/wp\/v2\/product"}],"about":[{"href":"https:\/\/www.fundacionnaturgy.org\/ca\/wp-json\/wp\/v2\/types\/product"}],"wp:featuredmedia":[{"embeddable":true,"href":"https:\/\/www.fundacionnaturgy.org\/ca\/wp-json\/wp\/v2\/media\/85856"}],"wp:attachment":[{"href":"https:\/\/www.fundacionnaturgy.org\/ca\/wp-json\/wp\/v2\/media?parent=85977"}],"wp:term":[{"taxonomy":"category","embeddable":true,"href":"https:\/\/www.fundacionnaturgy.org\/ca\/wp-json\/wp\/v2\/categories?post=85977"},{"taxonomy":"content-type","embeddable":true,"href":"https:\/\/www.fundacionnaturgy.org\/ca\/wp-json\/wp\/v2\/content-type?post=85977"},{"taxonomy":"product_tag","embeddable":true,"href":"https:\/\/www.fundacionnaturgy.org\/ca\/wp-json\/wp\/v2\/product_tag?post=85977"}],"curies":[{"name":"wp","href":"https:\/\/api.w.org\/{rel}","templated":true}]}}