{"id":86149,"date":"2023-07-12T16:15:42","date_gmt":"2023-07-12T14:15:42","guid":{"rendered":"https:\/\/www.fundacionnaturgy.org\/?post_type=product&#038;p=86149"},"modified":"2023-07-12T16:21:26","modified_gmt":"2023-07-12T14:21:26","slug":"webinar-converses-digitalitzacio-al-sector-de-lenergia","status":"publish","type":"product","link":"https:\/\/www.fundacionnaturgy.org\/ca\/publicacion\/webinar-converses-digitalitzacio-al-sector-de-lenergia\/","title":{"rendered":"Webinar converses &#8220;Digitalitzaci\u00f3 al sector de l&#8217;energia&#8221;"},"content":{"rendered":"<p>En aquesta onzena sessi\u00f3 de &#8216;Converses entre experts&#8217; conversem amb la Secretaria d&#8217;Estat de Digitalitzaci\u00f3 i Intel\u00b7lig\u00e8ncia Artificial\u00a0i amb Naturgy\u00a0sobre\u00a0Digitalitzaci\u00f3 en el sector de l&#8217;energia, i com la transformaci\u00f3 digital i energ\u00e8tica estan \u00edntimament relacionades, plantejant grans reptes i oportunitats.<\/p>\n","protected":false},"excerpt":{"rendered":"<p>En aquesta onzena sessi\u00f3 de &#8216;Converses entre experts&#8217; conversem amb la Secretaria d&#8217;Estat de Digitalitzaci\u00f3 i Intel\u00b7lig\u00e8ncia Artificial\u00a0i amb Naturgy\u00a0sobre\u00a0Digitalitzaci\u00f3 en el sector de l&#8217;energia, i com la transformaci\u00f3 digital i energ\u00e8tica estan \u00edntimament relacionades, plantejant grans reptes i oportunitats.<\/p>\n","protected":false},"featured_media":86147,"template":"","meta":{"inline_featured_image":false},"categories":[1204,1205,1208],"content-type":[1169],"product_tag":[],"acf":[],"post_class":["post-86149","product","type-product","status-publish","has-post-thumbnail","hentry","category-innovacio-tecnologica","category-medi-ambient","category-transicio-energetica","content-type-videos","wordpress-sticky"],"_links":{"self":[{"href":"https:\/\/www.fundacionnaturgy.org\/ca\/wp-json\/wp\/v2\/product\/86149"}],"collection":[{"href":"https:\/\/www.fundacionnaturgy.org\/ca\/wp-json\/wp\/v2\/product"}],"about":[{"href":"https:\/\/www.fundacionnaturgy.org\/ca\/wp-json\/wp\/v2\/types\/product"}],"wp:featuredmedia":[{"embeddable":true,"href":"https:\/\/www.fundacionnaturgy.org\/ca\/wp-json\/wp\/v2\/media\/86147"}],"wp:attachment":[{"href":"https:\/\/www.fundacionnaturgy.org\/ca\/wp-json\/wp\/v2\/media?parent=86149"}],"wp:term":[{"taxonomy":"category","embeddable":true,"href":"https:\/\/www.fundacionnaturgy.org\/ca\/wp-json\/wp\/v2\/categories?post=86149"},{"taxonomy":"content-type","embeddable":true,"href":"https:\/\/www.fundacionnaturgy.org\/ca\/wp-json\/wp\/v2\/content-type?post=86149"},{"taxonomy":"product_tag","embeddable":true,"href":"https:\/\/www.fundacionnaturgy.org\/ca\/wp-json\/wp\/v2\/product_tag?post=86149"}],"curies":[{"name":"wp","href":"https:\/\/api.w.org\/{rel}","templated":true}]}}