{"id":86191,"date":"2023-07-18T09:22:24","date_gmt":"2023-07-18T07:22:24","guid":{"rendered":"https:\/\/www.fundacionnaturgy.org\/?post_type=product&#038;p=86191"},"modified":"2023-11-15T13:59:01","modified_gmt":"2023-11-15T12:59:01","slug":"informe-2022-el-sector-espanyol-del-gas-en-numeros","status":"publish","type":"product","link":"https:\/\/www.fundacionnaturgy.org\/ca\/publicacion\/informe-2022-el-sector-espanyol-del-gas-en-numeros\/","title":{"rendered":"Informe 2022. El sector espanyol del gas en n\u00fameros"},"content":{"rendered":"<p>Informe anual que recull de forma agrupada les principals dades oficials publicades de l\u2019activitat del sector del gas, amb especial \u00e8mfasi en les de naturalesa econ\u00f2mica. Recopila la informaci\u00f3 corresponent a l\u2019any 2022 i es complementa amb la del per\u00edode 2018-2022.<\/p>\n","protected":false},"excerpt":{"rendered":"<p>Informe anual que recull de forma agrupada les principals dades oficials publicades de l\u2019activitat del sector del gas, amb especial \u00e8mfasi en les de naturalesa econ\u00f2mica. Recopila la informaci\u00f3 corresponent a l\u2019any 2022 i es complementa amb la del per\u00edode 2018-2022.<\/p>\n","protected":false},"featured_media":85938,"template":"","meta":{"inline_featured_image":false},"categories":[1205,1208],"content-type":[1166],"product_tag":[],"acf":[],"post_class":["post-86191","product","type-product","status-publish","has-post-thumbnail","hentry","category-medi-ambient","category-transicio-energetica","content-type-articles-e-informes","wordpress-sticky"],"_links":{"self":[{"href":"https:\/\/www.fundacionnaturgy.org\/ca\/wp-json\/wp\/v2\/product\/86191"}],"collection":[{"href":"https:\/\/www.fundacionnaturgy.org\/ca\/wp-json\/wp\/v2\/product"}],"about":[{"href":"https:\/\/www.fundacionnaturgy.org\/ca\/wp-json\/wp\/v2\/types\/product"}],"wp:featuredmedia":[{"embeddable":true,"href":"https:\/\/www.fundacionnaturgy.org\/ca\/wp-json\/wp\/v2\/media\/85938"}],"wp:attachment":[{"href":"https:\/\/www.fundacionnaturgy.org\/ca\/wp-json\/wp\/v2\/media?parent=86191"}],"wp:term":[{"taxonomy":"category","embeddable":true,"href":"https:\/\/www.fundacionnaturgy.org\/ca\/wp-json\/wp\/v2\/categories?post=86191"},{"taxonomy":"content-type","embeddable":true,"href":"https:\/\/www.fundacionnaturgy.org\/ca\/wp-json\/wp\/v2\/content-type?post=86191"},{"taxonomy":"product_tag","embeddable":true,"href":"https:\/\/www.fundacionnaturgy.org\/ca\/wp-json\/wp\/v2\/product_tag?post=86191"}],"curies":[{"name":"wp","href":"https:\/\/api.w.org\/{rel}","templated":true}]}}