{"id":86227,"date":"2023-07-27T10:52:56","date_gmt":"2023-07-27T08:52:56","guid":{"rendered":"https:\/\/www.fundacionnaturgy.org\/?post_type=product&#038;p=86227"},"modified":"2023-10-27T12:34:26","modified_gmt":"2023-10-27T10:34:26","slug":"la-proposta-dactualitzacio-del-pniec-2023-2030","status":"publish","type":"product","link":"https:\/\/www.fundacionnaturgy.org\/ca\/publicacion\/la-proposta-dactualitzacio-del-pniec-2023-2030\/","title":{"rendered":"La proposta d&#8217;actualitzaci\u00f3 del PNIEC 2023-2030"},"content":{"rendered":"<p>Fundaci\u00f3 Naturgy publica el document\u00a0La proposta d&#8217;actualitzaci\u00f3 del PNIEC 2023-2030, elaborat per EY, en qu\u00e8 es repassen quines s\u00f3n les principals modificacions que planteja el nou esborrany, quines implicacions t\u00e8cniques i de mercat poden tenir aquests canvis, i els reptes derivats aquest nou escenari.<\/p>\n","protected":false},"excerpt":{"rendered":"<p>Fundaci\u00f3 Naturgy publica el document\u00a0La proposta d&#8217;actualitzaci\u00f3 del PNIEC 2023-2030, elaborat per EY, en qu\u00e8 es repassen quines s\u00f3n les principals modificacions que planteja el nou esborrany, quines implicacions t\u00e8cniques i de mercat poden tenir aquests canvis, i els reptes derivats aquest nou escenari.<\/p>\n","protected":false},"featured_media":86212,"template":"","meta":{"inline_featured_image":false},"categories":[1233,1205,1208],"content-type":[1166,1169],"product_tag":[],"acf":[],"post_class":["post-86227","product","type-product","status-publish","has-post-thumbnail","hentry","category-energia-ca","category-medi-ambient","category-transicio-energetica","content-type-articles-e-informes","content-type-videos","wordpress-sticky"],"_links":{"self":[{"href":"https:\/\/www.fundacionnaturgy.org\/ca\/wp-json\/wp\/v2\/product\/86227"}],"collection":[{"href":"https:\/\/www.fundacionnaturgy.org\/ca\/wp-json\/wp\/v2\/product"}],"about":[{"href":"https:\/\/www.fundacionnaturgy.org\/ca\/wp-json\/wp\/v2\/types\/product"}],"wp:featuredmedia":[{"embeddable":true,"href":"https:\/\/www.fundacionnaturgy.org\/ca\/wp-json\/wp\/v2\/media\/86212"}],"wp:attachment":[{"href":"https:\/\/www.fundacionnaturgy.org\/ca\/wp-json\/wp\/v2\/media?parent=86227"}],"wp:term":[{"taxonomy":"category","embeddable":true,"href":"https:\/\/www.fundacionnaturgy.org\/ca\/wp-json\/wp\/v2\/categories?post=86227"},{"taxonomy":"content-type","embeddable":true,"href":"https:\/\/www.fundacionnaturgy.org\/ca\/wp-json\/wp\/v2\/content-type?post=86227"},{"taxonomy":"product_tag","embeddable":true,"href":"https:\/\/www.fundacionnaturgy.org\/ca\/wp-json\/wp\/v2\/product_tag?post=86227"}],"curies":[{"name":"wp","href":"https:\/\/api.w.org\/{rel}","templated":true}]}}