{"id":86479,"date":"2023-09-08T07:00:16","date_gmt":"2023-09-08T05:00:16","guid":{"rendered":"https:\/\/www.fundacionnaturgy.org\/?post_type=product&#038;p=86479"},"modified":"2023-09-08T11:20:50","modified_gmt":"2023-09-08T09:20:50","slug":"politiques-energetiques-cost-i-impacte-als-preus-de-lelectricitat-a-espanya","status":"publish","type":"product","link":"https:\/\/www.fundacionnaturgy.org\/ca\/publicacion\/politiques-energetiques-cost-i-impacte-als-preus-de-lelectricitat-a-espanya\/","title":{"rendered":"Pol\u00edtiques energ\u00e8tiques, cost i impacte als preus de l&#8217;electricitat a Espanya"},"content":{"rendered":"<p>Fundaci\u00f3n Naturgy publica el documento Pol\u00edticas energ\u00e9ticas, coste e impacto en los precios de la electricidad en Espa\u00f1a, elaborado por el Instituto de Investigaci\u00f3n Tecnol\u00f3gica de la Universidad Pontificia\u00a0Comillas, en el que se repasan las principales pol\u00edticas energ\u00e9ticas para la descarbonizaci\u00f3n del sector y c\u00f3mo pueden afectar a los costes de la electricidad.<\/p>\n","protected":false},"excerpt":{"rendered":"<p>Fundaci\u00f3n Naturgy publica el documento Pol\u00edticas energ\u00e9ticas, coste e impacto en los precios de la electricidad en Espa\u00f1a, elaborado por el Instituto de Investigaci\u00f3n Tecnol\u00f3gica de la Universidad Pontificia\u00a0Comillas, en el que se repasan las principales pol\u00edticas energ\u00e9ticas para la descarbonizaci\u00f3n del sector y c\u00f3mo pueden afectar a los costes de la electricidad.<\/p>\n","protected":false},"featured_media":86277,"template":"","meta":{"inline_featured_image":false},"categories":[1233],"content-type":[1166],"product_tag":[],"acf":[],"post_class":["post-86479","product","type-product","status-publish","has-post-thumbnail","hentry","category-energia-ca","content-type-articles-e-informes","wordpress-sticky"],"_links":{"self":[{"href":"https:\/\/www.fundacionnaturgy.org\/ca\/wp-json\/wp\/v2\/product\/86479"}],"collection":[{"href":"https:\/\/www.fundacionnaturgy.org\/ca\/wp-json\/wp\/v2\/product"}],"about":[{"href":"https:\/\/www.fundacionnaturgy.org\/ca\/wp-json\/wp\/v2\/types\/product"}],"wp:featuredmedia":[{"embeddable":true,"href":"https:\/\/www.fundacionnaturgy.org\/ca\/wp-json\/wp\/v2\/media\/86277"}],"wp:attachment":[{"href":"https:\/\/www.fundacionnaturgy.org\/ca\/wp-json\/wp\/v2\/media?parent=86479"}],"wp:term":[{"taxonomy":"category","embeddable":true,"href":"https:\/\/www.fundacionnaturgy.org\/ca\/wp-json\/wp\/v2\/categories?post=86479"},{"taxonomy":"content-type","embeddable":true,"href":"https:\/\/www.fundacionnaturgy.org\/ca\/wp-json\/wp\/v2\/content-type?post=86479"},{"taxonomy":"product_tag","embeddable":true,"href":"https:\/\/www.fundacionnaturgy.org\/ca\/wp-json\/wp\/v2\/product_tag?post=86479"}],"curies":[{"name":"wp","href":"https:\/\/api.w.org\/{rel}","templated":true}]}}