{"id":86491,"date":"2023-01-18T16:48:21","date_gmt":"2023-01-18T15:48:21","guid":{"rendered":"https:\/\/www.fundacionnaturgy.org\/ca\/publicacion\/digitalitzacio-de-xarxes-electriques-formacio-per-a-un-futur-descarbonitzat\/"},"modified":"2024-03-15T13:51:06","modified_gmt":"2024-03-15T12:51:06","slug":"digitalitzacio-de-xarxes-electriques-formacio-per-a-un-futur-descarbonitzat","status":"publish","type":"product","link":"https:\/\/www.fundacionnaturgy.org\/ca\/publicacion\/digitalitzacio-de-xarxes-electriques-formacio-per-a-un-futur-descarbonitzat\/","title":{"rendered":"Digitalitzaci\u00f3 de xarxes el\u00e8ctriques. Formaci\u00f3 per a un futur descarbonitzat"},"content":{"rendered":"<p>La distribuci\u00f3 delectricitat est\u00e0 davant una transformaci\u00f3 fonamental motivada pels canvis en h\u00e0bits de consum, la incorporaci\u00f3 accelerada denergies renovables ilaparici\u00f3 de noves tecnologies demmagatzematge. Facilitar la Formaci\u00f3 Professional en aquesta mat\u00e8ria contribueix que sigui possible una transici\u00f3 energ\u00e8tica justa amb m\u00e9s possibilitats de desenvolupament per a la societat en conjunt.<\/p>\n","protected":false},"excerpt":{"rendered":"<p>La distribuci\u00f3 delectricitat est\u00e0 davant una transformaci\u00f3 fonamental motivada pels canvis en h\u00e0bits de consum, la incorporaci\u00f3 accelerada denergies renovables ilaparici\u00f3 de noves tecnologies demmagatzematge. Facilitar la Formaci\u00f3 Professional en aquesta mat\u00e8ria contribueix que sigui possible una transici\u00f3 energ\u00e8tica justa amb m\u00e9s possibilitats de desenvolupament per a la societat en conjunt.<\/p>\n","protected":false},"featured_media":88344,"template":"","meta":{"inline_featured_image":false},"categories":[242,1202,1204,1208],"content-type":[1166],"product_tag":[],"acf":[],"post_class":["post-86491","product","type-product","status-publish","has-post-thumbnail","hentry","category-educacio-divulgacio","category-energies-renovables","category-innovacio-tecnologica","category-transicio-energetica","content-type-articles-e-informes","wordpress-sticky"],"_links":{"self":[{"href":"https:\/\/www.fundacionnaturgy.org\/ca\/wp-json\/wp\/v2\/product\/86491"}],"collection":[{"href":"https:\/\/www.fundacionnaturgy.org\/ca\/wp-json\/wp\/v2\/product"}],"about":[{"href":"https:\/\/www.fundacionnaturgy.org\/ca\/wp-json\/wp\/v2\/types\/product"}],"wp:featuredmedia":[{"embeddable":true,"href":"https:\/\/www.fundacionnaturgy.org\/ca\/wp-json\/wp\/v2\/media\/88344"}],"wp:attachment":[{"href":"https:\/\/www.fundacionnaturgy.org\/ca\/wp-json\/wp\/v2\/media?parent=86491"}],"wp:term":[{"taxonomy":"category","embeddable":true,"href":"https:\/\/www.fundacionnaturgy.org\/ca\/wp-json\/wp\/v2\/categories?post=86491"},{"taxonomy":"content-type","embeddable":true,"href":"https:\/\/www.fundacionnaturgy.org\/ca\/wp-json\/wp\/v2\/content-type?post=86491"},{"taxonomy":"product_tag","embeddable":true,"href":"https:\/\/www.fundacionnaturgy.org\/ca\/wp-json\/wp\/v2\/product_tag?post=86491"}],"curies":[{"name":"wp","href":"https:\/\/api.w.org\/{rel}","templated":true}]}}