{"id":86503,"date":"2023-09-12T09:49:32","date_gmt":"2023-09-12T07:49:32","guid":{"rendered":"https:\/\/www.fundacionnaturgy.org\/?post_type=product&#038;p=86503"},"modified":"2023-09-14T13:30:15","modified_gmt":"2023-09-14T11:30:15","slug":"situacio-economicofinancera-de-les-principals-empreses-del-sector-electric-a-espanya-2018-2022","status":"publish","type":"product","link":"https:\/\/www.fundacionnaturgy.org\/ca\/publicacion\/situacio-economicofinancera-de-les-principals-empreses-del-sector-electric-a-espanya-2018-2022\/","title":{"rendered":"Situaci\u00f3 economicofinancera de les principals empreses del sector el\u00e8ctric a Espanya 2018-2022"},"content":{"rendered":"<p>Fundaci\u00f3 Naturgy presenta la cinquena edici\u00f3 de l&#8217;informe elaborat per Deloitte sobre la\u00a0<strong>Situaci\u00f3 economicofinancera de les principals empreses del sector el\u00e8ctric a Espanya 2018-2022<\/strong>, que recull cinc anys per facilitar l&#8217;an\u00e0lisi, i considera les activitats de generaci\u00f3, comercialitzaci\u00f3 i distribuci\u00f3 el\u00e8ctrica .<\/p>\n<p>Aquest informe es realitza amb <strong>informaci\u00f3 p\u00fablica i auditada<\/strong> i se centra en l&#8217;activitat el\u00e8ctrica d&#8217;aquestes empreses a <strong>Espanya<\/strong>, diferenciant-la de les activitats desenvolupades a altres pa\u00efsos o sectors, exercici necessari per a una adequada an\u00e0lisi i valoraci\u00f3 de resultats, en tractar-se d&#8217;empreses globals i diversificades.<\/p>\n","protected":false},"excerpt":{"rendered":"<p>Fundaci\u00f3 Naturgy presenta la cinquena edici\u00f3 de l&#8217;informe elaborat per Deloitte sobre la\u00a0<strong>Situaci\u00f3 economicofinancera de les principals empreses del sector el\u00e8ctric a Espanya 2018-2022<\/strong>, que recull cinc anys per facilitar l&#8217;an\u00e0lisi, i considera les activitats de generaci\u00f3, comercialitzaci\u00f3 i distribuci\u00f3 el\u00e8ctrica .<\/p>\n<p>Aquest informe es realitza amb <strong>informaci\u00f3 p\u00fablica i auditada<\/strong> i se centra en l&#8217;activitat el\u00e8ctrica d&#8217;aquestes empreses a <strong>Espanya<\/strong>, diferenciant-la de les activitats desenvolupades a altres pa\u00efsos o sectors, exercici necessari per a una adequada an\u00e0lisi i valoraci\u00f3 de resultats, en tractar-se d&#8217;empreses globals i diversificades.<\/p>\n","protected":false},"featured_media":85983,"template":"","meta":{"inline_featured_image":false},"categories":[1208],"content-type":[1166,1169],"product_tag":[],"acf":[],"post_class":["post-86503","product","type-product","status-publish","has-post-thumbnail","hentry","category-transicio-energetica","content-type-articles-e-informes","content-type-videos","wordpress-sticky"],"_links":{"self":[{"href":"https:\/\/www.fundacionnaturgy.org\/ca\/wp-json\/wp\/v2\/product\/86503"}],"collection":[{"href":"https:\/\/www.fundacionnaturgy.org\/ca\/wp-json\/wp\/v2\/product"}],"about":[{"href":"https:\/\/www.fundacionnaturgy.org\/ca\/wp-json\/wp\/v2\/types\/product"}],"wp:featuredmedia":[{"embeddable":true,"href":"https:\/\/www.fundacionnaturgy.org\/ca\/wp-json\/wp\/v2\/media\/85983"}],"wp:attachment":[{"href":"https:\/\/www.fundacionnaturgy.org\/ca\/wp-json\/wp\/v2\/media?parent=86503"}],"wp:term":[{"taxonomy":"category","embeddable":true,"href":"https:\/\/www.fundacionnaturgy.org\/ca\/wp-json\/wp\/v2\/categories?post=86503"},{"taxonomy":"content-type","embeddable":true,"href":"https:\/\/www.fundacionnaturgy.org\/ca\/wp-json\/wp\/v2\/content-type?post=86503"},{"taxonomy":"product_tag","embeddable":true,"href":"https:\/\/www.fundacionnaturgy.org\/ca\/wp-json\/wp\/v2\/product_tag?post=86503"}],"curies":[{"name":"wp","href":"https:\/\/api.w.org\/{rel}","templated":true}]}}