{"id":86547,"date":"2023-09-18T13:05:07","date_gmt":"2023-09-18T11:05:07","guid":{"rendered":"https:\/\/www.fundacionnaturgy.org\/?post_type=product&#038;p=86547"},"modified":"2023-10-17T13:27:38","modified_gmt":"2023-10-17T11:27:38","slug":"transicio-energetica-i-minerals-critics","status":"publish","type":"product","link":"https:\/\/www.fundacionnaturgy.org\/ca\/publicacion\/transicio-energetica-i-minerals-critics\/","title":{"rendered":"Transici\u00f3 energ\u00e8tica i minerals cr\u00edtics"},"content":{"rendered":"<p>Fundaci\u00f3 Naturgy presenta l&#8217;informe &#8216;Transici\u00f3 energ\u00e8tica i minerals cr\u00edtics&#8217;, escrit per Mariano Marzo, en qu\u00e8 s&#8217;estudia la import\u00e0ncia d&#8217;un subministrament segur i sostenible de minerals imprescindibles en moltes tecnologies per a la descarbonitzaci\u00f3, i les implicacions geopol\u00edtiques de les quals plantegen grans desafiaments.<\/p>\n","protected":false},"excerpt":{"rendered":"<p>Fundaci\u00f3 Naturgy presenta l&#8217;informe &#8216;Transici\u00f3 energ\u00e8tica i minerals cr\u00edtics&#8217;, escrit per Mariano Marzo, en qu\u00e8 s&#8217;estudia la import\u00e0ncia d&#8217;un subministrament segur i sostenible de minerals imprescindibles en moltes tecnologies per a la descarbonitzaci\u00f3, i les implicacions geopol\u00edtiques de les quals plantegen grans desafiaments.<\/p>\n","protected":false},"featured_media":86130,"template":"","meta":{"inline_featured_image":false},"categories":[1233,1205,1208],"content-type":[1166,1169],"product_tag":[],"acf":[],"post_class":["post-86547","product","type-product","status-publish","has-post-thumbnail","hentry","category-energia-ca","category-medi-ambient","category-transicio-energetica","content-type-articles-e-informes","content-type-videos","wordpress-sticky"],"_links":{"self":[{"href":"https:\/\/www.fundacionnaturgy.org\/ca\/wp-json\/wp\/v2\/product\/86547"}],"collection":[{"href":"https:\/\/www.fundacionnaturgy.org\/ca\/wp-json\/wp\/v2\/product"}],"about":[{"href":"https:\/\/www.fundacionnaturgy.org\/ca\/wp-json\/wp\/v2\/types\/product"}],"wp:featuredmedia":[{"embeddable":true,"href":"https:\/\/www.fundacionnaturgy.org\/ca\/wp-json\/wp\/v2\/media\/86130"}],"wp:attachment":[{"href":"https:\/\/www.fundacionnaturgy.org\/ca\/wp-json\/wp\/v2\/media?parent=86547"}],"wp:term":[{"taxonomy":"category","embeddable":true,"href":"https:\/\/www.fundacionnaturgy.org\/ca\/wp-json\/wp\/v2\/categories?post=86547"},{"taxonomy":"content-type","embeddable":true,"href":"https:\/\/www.fundacionnaturgy.org\/ca\/wp-json\/wp\/v2\/content-type?post=86547"},{"taxonomy":"product_tag","embeddable":true,"href":"https:\/\/www.fundacionnaturgy.org\/ca\/wp-json\/wp\/v2\/product_tag?post=86547"}],"curies":[{"name":"wp","href":"https:\/\/api.w.org\/{rel}","templated":true}]}}