{"id":86569,"date":"2023-09-20T12:34:39","date_gmt":"2023-09-20T10:34:39","guid":{"rendered":"https:\/\/www.fundacionnaturgy.org\/?post_type=product&#038;p=86569"},"modified":"2023-09-22T15:57:15","modified_gmt":"2023-09-22T13:57:15","slug":"compra-conjunta-de-gas-a-la-ue-una-valoracio","status":"publish","type":"product","link":"https:\/\/www.fundacionnaturgy.org\/ca\/publicacion\/compra-conjunta-de-gas-a-la-ue-una-valoracio\/","title":{"rendered":"Compra\u00a0conjunta\u00a0de gas a la UE: una valoraci\u00f3"},"content":{"rendered":"<p>Fundaci\u00f3 Naturgy publica el document Compra conjunta de gas a la UE: una valoraci\u00f3, elaborat per l&#8217;Oxford Institute for Energy Studies, on s&#8217;analitza la plataforma <em>AggregateEU<\/em>, posada en funcionament per la Uni\u00f3 Europea com a mesura davant la crisi energ\u00e8tica, i es valora l&#8217;efic\u00e0cia per assolir els seus objectius en comparaci\u00f3 dels mecanismes de mercat existents.<\/p>\n","protected":false},"excerpt":{"rendered":"<p>Fundaci\u00f3 Naturgy publica el document Compra conjunta de gas a la UE: una valoraci\u00f3, elaborat per l&#8217;Oxford Institute for Energy Studies, on s&#8217;analitza la plataforma <em>AggregateEU<\/em>, posada en funcionament per la Uni\u00f3 Europea com a mesura davant la crisi energ\u00e8tica, i es valora l&#8217;efic\u00e0cia per assolir els seus objectius en comparaci\u00f3 dels mecanismes de mercat existents.<\/p>\n","protected":false},"featured_media":86551,"template":"","meta":{"inline_featured_image":false},"categories":[1233,1201,1202,1205,1208],"content-type":[1166],"product_tag":[],"acf":[],"post_class":["post-86569","product","type-product","status-publish","has-post-thumbnail","hentry","category-energia-ca","category-energia-i-transport","category-energies-renovables","category-medi-ambient","category-transicio-energetica","content-type-articles-e-informes","wordpress-sticky"],"_links":{"self":[{"href":"https:\/\/www.fundacionnaturgy.org\/ca\/wp-json\/wp\/v2\/product\/86569"}],"collection":[{"href":"https:\/\/www.fundacionnaturgy.org\/ca\/wp-json\/wp\/v2\/product"}],"about":[{"href":"https:\/\/www.fundacionnaturgy.org\/ca\/wp-json\/wp\/v2\/types\/product"}],"wp:featuredmedia":[{"embeddable":true,"href":"https:\/\/www.fundacionnaturgy.org\/ca\/wp-json\/wp\/v2\/media\/86551"}],"wp:attachment":[{"href":"https:\/\/www.fundacionnaturgy.org\/ca\/wp-json\/wp\/v2\/media?parent=86569"}],"wp:term":[{"taxonomy":"category","embeddable":true,"href":"https:\/\/www.fundacionnaturgy.org\/ca\/wp-json\/wp\/v2\/categories?post=86569"},{"taxonomy":"content-type","embeddable":true,"href":"https:\/\/www.fundacionnaturgy.org\/ca\/wp-json\/wp\/v2\/content-type?post=86569"},{"taxonomy":"product_tag","embeddable":true,"href":"https:\/\/www.fundacionnaturgy.org\/ca\/wp-json\/wp\/v2\/product_tag?post=86569"}],"curies":[{"name":"wp","href":"https:\/\/api.w.org\/{rel}","templated":true}]}}