{"id":86693,"date":"2023-09-29T10:00:28","date_gmt":"2023-09-29T08:00:28","guid":{"rendered":"https:\/\/www.fundacionnaturgy.org\/?post_type=product&#038;p=86693"},"modified":"2023-10-02T16:52:48","modified_gmt":"2023-10-02T14:52:48","slug":"evolucio-de-les-emissions-sectorials-de-gasos-efecte-hivernacle-en-el-context-europeu-2017-2021","status":"publish","type":"product","link":"https:\/\/www.fundacionnaturgy.org\/ca\/publicacion\/evolucio-de-les-emissions-sectorials-de-gasos-efecte-hivernacle-en-el-context-europeu-2017-2021\/","title":{"rendered":"Evoluci\u00f3 de les emissions sectorials de gasos efecte hivernacle en el context europeu 2017-2021"},"content":{"rendered":"<p>Fundaci\u00f3 Naturgy publica el document Evoluci\u00f3 de les emissions sectorials de gasos efecte hivernacle en el context europeu 2017-2021, elaborat per la consultora internacional de medi ambient Liken Carbon Hub.<\/p>\n<p>Es tracta de la quarta edici\u00f3 d&#8217;aquest document, que t\u00e9 com a objectiu proporcionar informaci\u00f3 oficial sobre l&#8217;evoluci\u00f3 de les emissions GEH a Espanya. En aquesta ocasi\u00f3, el document incorpora a m\u00e9s una comparativa amb els principals pa\u00efsos europeus del nostre entorn corresponent als darrers cinc anys i informaci\u00f3 sobre les absorcions i emissions del sector LULUCF (Land Use Change and Forestry), de m\u00e9s rellev\u00e0ncia cada cop.<\/p>\n","protected":false},"excerpt":{"rendered":"<p>Fundaci\u00f3 Naturgy publica el document Evoluci\u00f3 de les emissions sectorials de gasos efecte hivernacle en el context europeu 2017-2021, elaborat per la consultora internacional de medi ambient Liken Carbon Hub.<\/p>\n<p>Es tracta de la quarta edici\u00f3 d&#8217;aquest document, que t\u00e9 com a objectiu proporcionar informaci\u00f3 oficial sobre l&#8217;evoluci\u00f3 de les emissions GEH a Espanya. En aquesta ocasi\u00f3, el document incorpora a m\u00e9s una comparativa amb els principals pa\u00efsos europeus del nostre entorn corresponent als darrers cinc anys i informaci\u00f3 sobre les absorcions i emissions del sector LULUCF (Land Use Change and Forestry), de m\u00e9s rellev\u00e0ncia cada cop.<\/p>\n","protected":false},"featured_media":86264,"template":"","meta":{"inline_featured_image":false},"categories":[1233,1202,1205,1208],"content-type":[1166,1169],"product_tag":[],"acf":[],"post_class":["post-86693","product","type-product","status-publish","has-post-thumbnail","hentry","category-energia-ca","category-energies-renovables","category-medi-ambient","category-transicio-energetica","content-type-articles-e-informes","content-type-videos","wordpress-sticky"],"_links":{"self":[{"href":"https:\/\/www.fundacionnaturgy.org\/ca\/wp-json\/wp\/v2\/product\/86693"}],"collection":[{"href":"https:\/\/www.fundacionnaturgy.org\/ca\/wp-json\/wp\/v2\/product"}],"about":[{"href":"https:\/\/www.fundacionnaturgy.org\/ca\/wp-json\/wp\/v2\/types\/product"}],"wp:featuredmedia":[{"embeddable":true,"href":"https:\/\/www.fundacionnaturgy.org\/ca\/wp-json\/wp\/v2\/media\/86264"}],"wp:attachment":[{"href":"https:\/\/www.fundacionnaturgy.org\/ca\/wp-json\/wp\/v2\/media?parent=86693"}],"wp:term":[{"taxonomy":"category","embeddable":true,"href":"https:\/\/www.fundacionnaturgy.org\/ca\/wp-json\/wp\/v2\/categories?post=86693"},{"taxonomy":"content-type","embeddable":true,"href":"https:\/\/www.fundacionnaturgy.org\/ca\/wp-json\/wp\/v2\/content-type?post=86693"},{"taxonomy":"product_tag","embeddable":true,"href":"https:\/\/www.fundacionnaturgy.org\/ca\/wp-json\/wp\/v2\/product_tag?post=86693"}],"curies":[{"name":"wp","href":"https:\/\/api.w.org\/{rel}","templated":true}]}}