{"id":87206,"date":"2023-10-20T15:22:36","date_gmt":"2023-10-20T13:22:36","guid":{"rendered":"https:\/\/www.fundacionnaturgy.org\/?post_type=product&#038;p=87206"},"modified":"2023-10-25T15:16:21","modified_gmt":"2023-10-25T13:16:21","slug":"webinar-converses-biodiversitat","status":"publish","type":"product","link":"https:\/\/www.fundacionnaturgy.org\/ca\/publicacion\/webinar-converses-biodiversitat\/","title":{"rendered":"Webinar converses &#8220;Biodiversitat&#8221;"},"content":{"rendered":"<p>El passat 20 d&#8217;octubre del 2023 vam analitzar amb dos especialistes sobre Biodiversitat la rellev\u00e0ncia de revertir-ne el deteriorament, m\u00e9s enll\u00e0 de la lluita contra el canvi clim\u00e0tic, aix\u00ed com les possibilitats de creaci\u00f3 de models econ\u00f2mics sostenibles que la defensin.<\/p>\n","protected":false},"excerpt":{"rendered":"<p>El passat 20 d&#8217;octubre del 2023 vam analitzar amb dos especialistes sobre Biodiversitat la rellev\u00e0ncia de revertir-ne el deteriorament, m\u00e9s enll\u00e0 de la lluita contra el canvi clim\u00e0tic, aix\u00ed com les possibilitats de creaci\u00f3 de models econ\u00f2mics sostenibles que la defensin.<\/p>\n","protected":false},"featured_media":87196,"template":"","meta":{"inline_featured_image":false},"categories":[1205,1208],"content-type":[1169],"product_tag":[],"acf":[],"post_class":["post-87206","product","type-product","status-publish","has-post-thumbnail","hentry","category-medi-ambient","category-transicio-energetica","content-type-videos","wordpress-sticky"],"_links":{"self":[{"href":"https:\/\/www.fundacionnaturgy.org\/ca\/wp-json\/wp\/v2\/product\/87206"}],"collection":[{"href":"https:\/\/www.fundacionnaturgy.org\/ca\/wp-json\/wp\/v2\/product"}],"about":[{"href":"https:\/\/www.fundacionnaturgy.org\/ca\/wp-json\/wp\/v2\/types\/product"}],"wp:featuredmedia":[{"embeddable":true,"href":"https:\/\/www.fundacionnaturgy.org\/ca\/wp-json\/wp\/v2\/media\/87196"}],"wp:attachment":[{"href":"https:\/\/www.fundacionnaturgy.org\/ca\/wp-json\/wp\/v2\/media?parent=87206"}],"wp:term":[{"taxonomy":"category","embeddable":true,"href":"https:\/\/www.fundacionnaturgy.org\/ca\/wp-json\/wp\/v2\/categories?post=87206"},{"taxonomy":"content-type","embeddable":true,"href":"https:\/\/www.fundacionnaturgy.org\/ca\/wp-json\/wp\/v2\/content-type?post=87206"},{"taxonomy":"product_tag","embeddable":true,"href":"https:\/\/www.fundacionnaturgy.org\/ca\/wp-json\/wp\/v2\/product_tag?post=87206"}],"curies":[{"name":"wp","href":"https:\/\/api.w.org\/{rel}","templated":true}]}}