{"id":87351,"date":"2023-10-30T12:10:12","date_gmt":"2023-10-30T11:10:12","guid":{"rendered":"https:\/\/www.fundacionnaturgy.org\/?post_type=product&#038;p=87351"},"modified":"2023-11-13T16:13:59","modified_gmt":"2023-11-13T15:13:59","slug":"desplegament-de-la-infraestructura-de-recarrega-del-vehicle-electric-a-espanya-barreres-i-alternatives","status":"publish","type":"product","link":"https:\/\/www.fundacionnaturgy.org\/ca\/publicacion\/desplegament-de-la-infraestructura-de-recarrega-del-vehicle-electric-a-espanya-barreres-i-alternatives\/","title":{"rendered":"Desplegament de la infraestructura de rec\u00e0rrega del vehicle el\u00e8ctric a Espanya: barreres i alternatives"},"content":{"rendered":"<p>Fundaci\u00f3 Naturgy publica el document\u00a0<strong>Desplegament de la infraestructura de rec\u00e0rrega del vehicle el\u00e8ctric a Espanya: barreres i alternatives<\/strong>, elaborat per la consultora Arthur D. Little, que analitza la situaci\u00f3 actual a Espanya, els objectius de desenvolupament plantejats per les administracions i les barreres que s&#8217;han de superar per a l&#8217;expansi\u00f3 d&#8217;un vehicle el\u00e8ctric que permeti la reducci\u00f3 efectiva d&#8217;emissions en el transport, proposant possibles alternatives al model operatiu actual.<\/p>\n","protected":false},"excerpt":{"rendered":"<p>Fundaci\u00f3 Naturgy publica el document\u00a0Desplegament de la infraestructura de rec\u00e0rrega del vehicle el\u00e8ctric a Espanya: barreres i alternatives, elaborat per la consultora Arthur D. Little, que analitza la situaci\u00f3 actual<span class=\"more-link\"><a href=\"https:\/\/www.fundacionnaturgy.org\/ca\/publicacion\/desplegament-de-la-infraestructura-de-recarrega-del-vehicle-electric-a-espanya-barreres-i-alternatives\/\">Llegir m\u00e9s<\/a><\/span><\/p>\n","protected":false},"featured_media":87098,"template":"","meta":{"inline_featured_image":false},"categories":[1233,1201,1202,1204,1205,1208],"content-type":[1166,1169],"product_tag":[],"acf":[],"post_class":["post-87351","product","type-product","status-publish","has-post-thumbnail","hentry","category-energia-ca","category-energia-i-transport","category-energies-renovables","category-innovacio-tecnologica","category-medi-ambient","category-transicio-energetica","content-type-articles-e-informes","content-type-videos","wordpress-sticky"],"_links":{"self":[{"href":"https:\/\/www.fundacionnaturgy.org\/ca\/wp-json\/wp\/v2\/product\/87351"}],"collection":[{"href":"https:\/\/www.fundacionnaturgy.org\/ca\/wp-json\/wp\/v2\/product"}],"about":[{"href":"https:\/\/www.fundacionnaturgy.org\/ca\/wp-json\/wp\/v2\/types\/product"}],"wp:featuredmedia":[{"embeddable":true,"href":"https:\/\/www.fundacionnaturgy.org\/ca\/wp-json\/wp\/v2\/media\/87098"}],"wp:attachment":[{"href":"https:\/\/www.fundacionnaturgy.org\/ca\/wp-json\/wp\/v2\/media?parent=87351"}],"wp:term":[{"taxonomy":"category","embeddable":true,"href":"https:\/\/www.fundacionnaturgy.org\/ca\/wp-json\/wp\/v2\/categories?post=87351"},{"taxonomy":"content-type","embeddable":true,"href":"https:\/\/www.fundacionnaturgy.org\/ca\/wp-json\/wp\/v2\/content-type?post=87351"},{"taxonomy":"product_tag","embeddable":true,"href":"https:\/\/www.fundacionnaturgy.org\/ca\/wp-json\/wp\/v2\/product_tag?post=87351"}],"curies":[{"name":"wp","href":"https:\/\/api.w.org\/{rel}","templated":true}]}}