{"id":87445,"date":"2023-11-07T09:14:37","date_gmt":"2023-11-07T08:14:37","guid":{"rendered":"https:\/\/www.fundacionnaturgy.org\/?post_type=product&#038;p=87445"},"modified":"2023-11-08T14:39:44","modified_gmt":"2023-11-08T13:39:44","slug":"pobresa-energetica-ecosistema-dagents-per-combatre-la-mitjancant-intervencions-de-proximitat","status":"publish","type":"product","link":"https:\/\/www.fundacionnaturgy.org\/ca\/publicacion\/pobresa-energetica-ecosistema-dagents-per-combatre-la-mitjancant-intervencions-de-proximitat\/","title":{"rendered":"Pobresa energ\u00e8tica: ecosistema d&#8217;agents per combatre-la mitjan\u00e7ant intervencions de proximitat"},"content":{"rendered":"<p>La pobresa energ\u00e8tica \u00e9s aquella situaci\u00f3 en qu\u00e8 les llars no poden accedir a serveis energ\u00e8tics adequats i suficients per exercir una vida digna. El 2022, el 9,3% de la poblaci\u00f3 europea va declarar tenir problemes per mantenir la seva llar a una temperatura adequada, mentre que el 6,9% dels europeus va manifestar retards en el pagament de les factures relacionades amb la llar (calefacci\u00f3, electricitat , gas, aigua, etc.).<\/p>\n","protected":false},"excerpt":{"rendered":"<p>La pobresa energ\u00e8tica \u00e9s aquella situaci\u00f3 en qu\u00e8 les llars no poden accedir a serveis energ\u00e8tics adequats i suficients per exercir una vida digna. El 2022, el 9,3% de la poblaci\u00f3 europea va declarar tenir problemes per mantenir la seva llar a una temperatura adequada, mentre que el 6,9% dels europeus va manifestar retards en el pagament de les factures relacionades amb la llar (calefacci\u00f3, electricitat , gas, aigua, etc.).<\/p>\n","protected":false},"featured_media":87139,"template":"","meta":{"inline_featured_image":false},"categories":[1200,1209],"content-type":[1166,1169],"product_tag":[],"acf":[],"post_class":["post-87445","product","type-product","status-publish","has-post-thumbnail","hentry","category-eficiencia-energetica-ca","category-vulnerabilitat-energetica","content-type-articles-e-informes","content-type-videos","wordpress-sticky"],"_links":{"self":[{"href":"https:\/\/www.fundacionnaturgy.org\/ca\/wp-json\/wp\/v2\/product\/87445"}],"collection":[{"href":"https:\/\/www.fundacionnaturgy.org\/ca\/wp-json\/wp\/v2\/product"}],"about":[{"href":"https:\/\/www.fundacionnaturgy.org\/ca\/wp-json\/wp\/v2\/types\/product"}],"wp:featuredmedia":[{"embeddable":true,"href":"https:\/\/www.fundacionnaturgy.org\/ca\/wp-json\/wp\/v2\/media\/87139"}],"wp:attachment":[{"href":"https:\/\/www.fundacionnaturgy.org\/ca\/wp-json\/wp\/v2\/media?parent=87445"}],"wp:term":[{"taxonomy":"category","embeddable":true,"href":"https:\/\/www.fundacionnaturgy.org\/ca\/wp-json\/wp\/v2\/categories?post=87445"},{"taxonomy":"content-type","embeddable":true,"href":"https:\/\/www.fundacionnaturgy.org\/ca\/wp-json\/wp\/v2\/content-type?post=87445"},{"taxonomy":"product_tag","embeddable":true,"href":"https:\/\/www.fundacionnaturgy.org\/ca\/wp-json\/wp\/v2\/product_tag?post=87445"}],"curies":[{"name":"wp","href":"https:\/\/api.w.org\/{rel}","templated":true}]}}