{"id":87727,"date":"2024-11-12T10:27:58","date_gmt":"2024-11-12T09:27:58","guid":{"rendered":"https:\/\/www.fundacionnaturgy.org\/?post_type=product&#038;p=87727"},"modified":"2024-12-12T16:06:35","modified_gmt":"2024-12-12T15:06:35","slug":"modul-professional-de-sostenibilitat-aplicada-al-sector-productiu","status":"publish","type":"product","link":"https:\/\/www.fundacionnaturgy.org\/ca\/publicacion\/modul-professional-de-sostenibilitat-aplicada-al-sector-productiu\/","title":{"rendered":"M\u00f2dul professional de Sostenibilitat aplicada al sector productiu"},"content":{"rendered":"<p>Fundaci\u00f3 Naturgy presenta dues noves addicions a la seva col\u00b7lecci\u00f3 Vocational Education and Training in Energy. La primera publicaci\u00f3, M\u00f2dul Professional de Sostenibilitat aplicada al sistema productiu, aborda els desafiaments mediambientals i socials, proporcionant claus per dissenyar un Pla de Sostenibilitat. Aquest llibre recull els resultats del M\u00f2dul Professional de Sostenibilitat, obligatori per a la Formaci\u00f3 Professional a Espanya a partir del curs 2024-2025. La segona publicaci\u00f3, \u00abM\u00f2dul Professional de Sostenibilitat Aplicada al Sistema Productiu \u2013 Continguts Avan\u00e7ats\u00bb, analitza minuciosament aspectes ambientals i socials, aprofundint en temes com l&#8217;economia circular, el desenvolupament sostenible i els criteris de sostenibilitat en l&#8217;\u00e0mbit professional, aix\u00ed com l&#8217;an\u00e0lisi d&#8217;un pla de sostenibilitat. Ambdues publicacions ofereixen valuosos recursos teoricopr\u00e0ctics per a l&#8217;educaci\u00f3 i la formaci\u00f3 en energia.<\/p>\n","protected":false},"excerpt":{"rendered":"<p>Fundaci\u00f3 Naturgy presenta dues noves addicions a la seva col\u00b7lecci\u00f3 Vocational Education and Training in Energy. La primera publicaci\u00f3, M\u00f2dul Professional de Sostenibilitat aplicada al sistema productiu, aborda els desafiaments mediambientals i socials, proporcionant claus per dissenyar un Pla de Sostenibilitat. Aquest llibre recull els resultats del M\u00f2dul Professional de Sostenibilitat, obligatori per a la Formaci\u00f3 Professional a Espanya a partir del curs 2024-2025. La segona publicaci\u00f3, \u00abM\u00f2dul Professional de Sostenibilitat Aplicada al Sistema Productiu \u2013 Continguts Avan\u00e7ats\u00bb, analitza minuciosament aspectes ambientals i socials, aprofundint en temes com l&#8217;economia circular, el desenvolupament sostenible i els criteris de sostenibilitat en l&#8217;\u00e0mbit professional, aix\u00ed com l&#8217;an\u00e0lisi d&#8217;un pla de sostenibilitat. Ambdues publicacions ofereixen valuosos recursos teoricopr\u00e0ctics per a l&#8217;educaci\u00f3 i la formaci\u00f3 en energia.<\/p>\n","protected":false},"featured_media":91080,"template":"","meta":{"inline_featured_image":false},"categories":[242,1231,1208],"content-type":[1166],"product_tag":[],"acf":[],"post_class":["post-87727","product","type-product","status-publish","has-post-thumbnail","hentry","category-educacio-divulgacio","category-formacio","category-transicio-energetica","content-type-articles-e-informes","wordpress-sticky"],"_links":{"self":[{"href":"https:\/\/www.fundacionnaturgy.org\/ca\/wp-json\/wp\/v2\/product\/87727"}],"collection":[{"href":"https:\/\/www.fundacionnaturgy.org\/ca\/wp-json\/wp\/v2\/product"}],"about":[{"href":"https:\/\/www.fundacionnaturgy.org\/ca\/wp-json\/wp\/v2\/types\/product"}],"wp:featuredmedia":[{"embeddable":true,"href":"https:\/\/www.fundacionnaturgy.org\/ca\/wp-json\/wp\/v2\/media\/91080"}],"wp:attachment":[{"href":"https:\/\/www.fundacionnaturgy.org\/ca\/wp-json\/wp\/v2\/media?parent=87727"}],"wp:term":[{"taxonomy":"category","embeddable":true,"href":"https:\/\/www.fundacionnaturgy.org\/ca\/wp-json\/wp\/v2\/categories?post=87727"},{"taxonomy":"content-type","embeddable":true,"href":"https:\/\/www.fundacionnaturgy.org\/ca\/wp-json\/wp\/v2\/content-type?post=87727"},{"taxonomy":"product_tag","embeddable":true,"href":"https:\/\/www.fundacionnaturgy.org\/ca\/wp-json\/wp\/v2\/product_tag?post=87727"}],"curies":[{"name":"wp","href":"https:\/\/api.w.org\/{rel}","templated":true}]}}