{"id":87730,"date":"2023-11-28T10:37:02","date_gmt":"2023-11-28T09:37:02","guid":{"rendered":"https:\/\/www.fundacionnaturgy.org\/?post_type=product&#038;p=87730"},"modified":"2023-12-12T14:46:25","modified_gmt":"2023-12-12T13:46:25","slug":"origen-i-destinacio-dels-recursos-del-sector-electric-i-gasista-espanyol","status":"publish","type":"product","link":"https:\/\/www.fundacionnaturgy.org\/ca\/publicacion\/origen-i-destinacio-dels-recursos-del-sector-electric-i-gasista-espanyol\/","title":{"rendered":"Origen i destinaci\u00f3 dels recursos del sector el\u00e8ctric i gasista espanyol"},"content":{"rendered":"<p>Fundaci\u00f3 Naturgy publica el document\u00a0Origen i destinaci\u00f3\u00a0dels recursos del sector el\u00e8ctric i gasista espanyol, elaborat per Deloitte, en qu\u00e8 es descriu a qu\u00e8 es destinen els recursos obtinguts pel sector el\u00e8ctric i gasista a Espanya, a partir de l&#8217;an\u00e0lisi de quatre empreses verticalment integrades del nostre pa\u00eds.<\/p>\n","protected":false},"excerpt":{"rendered":"<p>Fundaci\u00f3 Naturgy publica el document\u00a0Origen i destinaci\u00f3\u00a0dels recursos del sector el\u00e8ctric i gasista espanyol, elaborat per Deloitte, en qu\u00e8 es descriu a qu\u00e8 es destinen els recursos obtinguts pel sector el\u00e8ctric i gasista a Espanya, a partir de l&#8217;an\u00e0lisi de quatre empreses verticalment integrades del nostre pa\u00eds.<\/p>\n","protected":false},"featured_media":87687,"template":"","meta":{"inline_featured_image":false},"categories":[1233,1202,1208],"content-type":[1166],"product_tag":[],"acf":[],"post_class":["post-87730","product","type-product","status-publish","has-post-thumbnail","hentry","category-energia-ca","category-energies-renovables","category-transicio-energetica","content-type-articles-e-informes","wordpress-sticky"],"_links":{"self":[{"href":"https:\/\/www.fundacionnaturgy.org\/ca\/wp-json\/wp\/v2\/product\/87730"}],"collection":[{"href":"https:\/\/www.fundacionnaturgy.org\/ca\/wp-json\/wp\/v2\/product"}],"about":[{"href":"https:\/\/www.fundacionnaturgy.org\/ca\/wp-json\/wp\/v2\/types\/product"}],"wp:featuredmedia":[{"embeddable":true,"href":"https:\/\/www.fundacionnaturgy.org\/ca\/wp-json\/wp\/v2\/media\/87687"}],"wp:attachment":[{"href":"https:\/\/www.fundacionnaturgy.org\/ca\/wp-json\/wp\/v2\/media?parent=87730"}],"wp:term":[{"taxonomy":"category","embeddable":true,"href":"https:\/\/www.fundacionnaturgy.org\/ca\/wp-json\/wp\/v2\/categories?post=87730"},{"taxonomy":"content-type","embeddable":true,"href":"https:\/\/www.fundacionnaturgy.org\/ca\/wp-json\/wp\/v2\/content-type?post=87730"},{"taxonomy":"product_tag","embeddable":true,"href":"https:\/\/www.fundacionnaturgy.org\/ca\/wp-json\/wp\/v2\/product_tag?post=87730"}],"curies":[{"name":"wp","href":"https:\/\/api.w.org\/{rel}","templated":true}]}}