{"id":87770,"date":"2023-11-30T14:39:54","date_gmt":"2023-11-30T13:39:54","guid":{"rendered":"https:\/\/www.fundacionnaturgy.org\/?post_type=product&#038;p=87770"},"modified":"2023-12-12T15:19:28","modified_gmt":"2023-12-12T14:19:28","slug":"webinar-energia-per-a-llars-demissions-zero-el-paper-del-biometa","status":"publish","type":"product","link":"https:\/\/www.fundacionnaturgy.org\/ca\/publicacion\/webinar-energia-per-a-llars-demissions-zero-el-paper-del-biometa\/","title":{"rendered":"Webinar &#8220;Energia per a llars d&#8217;emissions zero: el paper del biomet\u00e0&#8221;"},"content":{"rendered":"<p>El passat 30 de novembre del 2023 Fundaci\u00f3 Naturgy va organitzar una jornada en qu\u00e8 es va abordar el potencial del biomet\u00e0 en la transici\u00f3 energ\u00e8tica a Espanya posant especial focus en el seu paper en la descarbonitzaci\u00f3 del subministrament de calor al sector residencial.<\/p>\n","protected":false},"excerpt":{"rendered":"<p>El passat 30 de novembre del 2023 Fundaci\u00f3 Naturgy va organitzar una jornada en qu\u00e8 es va abordar el potencial del biomet\u00e0 en la transici\u00f3 energ\u00e8tica a Espanya posant especial<span class=\"more-link\"><a href=\"https:\/\/www.fundacionnaturgy.org\/ca\/publicacion\/webinar-energia-per-a-llars-demissions-zero-el-paper-del-biometa\/\">Llegir m\u00e9s<\/a><\/span><\/p>\n","protected":false},"featured_media":87772,"template":"","meta":{"inline_featured_image":false},"categories":[1233,1202,1208],"content-type":[1169],"product_tag":[],"acf":[],"post_class":["post-87770","product","type-product","status-publish","has-post-thumbnail","hentry","category-energia-ca","category-energies-renovables","category-transicio-energetica","content-type-videos","wordpress-sticky"],"_links":{"self":[{"href":"https:\/\/www.fundacionnaturgy.org\/ca\/wp-json\/wp\/v2\/product\/87770"}],"collection":[{"href":"https:\/\/www.fundacionnaturgy.org\/ca\/wp-json\/wp\/v2\/product"}],"about":[{"href":"https:\/\/www.fundacionnaturgy.org\/ca\/wp-json\/wp\/v2\/types\/product"}],"wp:featuredmedia":[{"embeddable":true,"href":"https:\/\/www.fundacionnaturgy.org\/ca\/wp-json\/wp\/v2\/media\/87772"}],"wp:attachment":[{"href":"https:\/\/www.fundacionnaturgy.org\/ca\/wp-json\/wp\/v2\/media?parent=87770"}],"wp:term":[{"taxonomy":"category","embeddable":true,"href":"https:\/\/www.fundacionnaturgy.org\/ca\/wp-json\/wp\/v2\/categories?post=87770"},{"taxonomy":"content-type","embeddable":true,"href":"https:\/\/www.fundacionnaturgy.org\/ca\/wp-json\/wp\/v2\/content-type?post=87770"},{"taxonomy":"product_tag","embeddable":true,"href":"https:\/\/www.fundacionnaturgy.org\/ca\/wp-json\/wp\/v2\/product_tag?post=87770"}],"curies":[{"name":"wp","href":"https:\/\/api.w.org\/{rel}","templated":true}]}}