{"id":88143,"date":"2023-12-13T09:43:24","date_gmt":"2023-12-13T08:43:24","guid":{"rendered":"https:\/\/www.fundacionnaturgy.org\/?post_type=product&#038;p=88143"},"modified":"2023-12-14T10:17:07","modified_gmt":"2023-12-14T09:17:07","slug":"el-paper-imprescindible-dels-cicles-combinats-en-la-seguretat-de-subministrament-passat-present-i-futur","status":"publish","type":"product","link":"https:\/\/www.fundacionnaturgy.org\/ca\/publicacion\/el-paper-imprescindible-dels-cicles-combinats-en-la-seguretat-de-subministrament-passat-present-i-futur\/","title":{"rendered":"El paper imprescindible dels\u00a0cicles\u00a0combinats en la seguretat de subministrament. Passat, present i futur"},"content":{"rendered":"<p>Fundaci\u00f3 Naturgy publica el document\u00a0<strong>El paper imprescindible dels\u00a0cicles\u00a0combinats en la seguretat de subministrament. Passat, present i futur<\/strong>, elaborat per PwC, en qu\u00e8 s&#8217;analitza com la participaci\u00f3 d&#8217;aquest tipus de centrals el\u00e8ctriques al mix de generaci\u00f3 \u00e9s clau per aportar flexibilitat i suport al sistema el\u00e8ctric espanyol, tant actualment com als escenaris futurs d&#8217;alta penetraci\u00f3 de renovables.<\/p>\n","protected":false},"excerpt":{"rendered":"<p>Fundaci\u00f3 Naturgy publica el document\u00a0<strong>El paper imprescindible dels\u00a0cicles\u00a0combinats en la seguretat de subministrament. Passat, present i futur<\/strong>, elaborat per PwC, en qu\u00e8 s&#8217;analitza com la participaci\u00f3 d&#8217;aquest tipus de centrals el\u00e8ctriques al mix de generaci\u00f3 \u00e9s clau per aportar flexibilitat i suport al sistema el\u00e8ctric espanyol, tant actualment com als escenaris futurs d&#8217;alta penetraci\u00f3 de renovables.<\/p>\n","protected":false},"featured_media":87521,"template":"","meta":{"inline_featured_image":false},"categories":[1233,1202,1208],"content-type":[1166,1169],"product_tag":[],"acf":[],"post_class":["post-88143","product","type-product","status-publish","has-post-thumbnail","hentry","category-energia-ca","category-energies-renovables","category-transicio-energetica","content-type-articles-e-informes","content-type-videos","wordpress-sticky"],"_links":{"self":[{"href":"https:\/\/www.fundacionnaturgy.org\/ca\/wp-json\/wp\/v2\/product\/88143"}],"collection":[{"href":"https:\/\/www.fundacionnaturgy.org\/ca\/wp-json\/wp\/v2\/product"}],"about":[{"href":"https:\/\/www.fundacionnaturgy.org\/ca\/wp-json\/wp\/v2\/types\/product"}],"wp:featuredmedia":[{"embeddable":true,"href":"https:\/\/www.fundacionnaturgy.org\/ca\/wp-json\/wp\/v2\/media\/87521"}],"wp:attachment":[{"href":"https:\/\/www.fundacionnaturgy.org\/ca\/wp-json\/wp\/v2\/media?parent=88143"}],"wp:term":[{"taxonomy":"category","embeddable":true,"href":"https:\/\/www.fundacionnaturgy.org\/ca\/wp-json\/wp\/v2\/categories?post=88143"},{"taxonomy":"content-type","embeddable":true,"href":"https:\/\/www.fundacionnaturgy.org\/ca\/wp-json\/wp\/v2\/content-type?post=88143"},{"taxonomy":"product_tag","embeddable":true,"href":"https:\/\/www.fundacionnaturgy.org\/ca\/wp-json\/wp\/v2\/product_tag?post=88143"}],"curies":[{"name":"wp","href":"https:\/\/api.w.org\/{rel}","templated":true}]}}