{"id":88240,"date":"2023-12-20T09:01:40","date_gmt":"2023-12-20T08:01:40","guid":{"rendered":"https:\/\/www.fundacionnaturgy.org\/?post_type=product&#038;p=88240"},"modified":"2023-12-20T17:02:37","modified_gmt":"2023-12-20T16:02:37","slug":"conferencia-de-les-parts-de-canvi-climatic-de-nacions-unides-a-dubai-unio-dels-emirats-arabs-cop-28","status":"publish","type":"product","link":"https:\/\/www.fundacionnaturgy.org\/ca\/publicacion\/conferencia-de-les-parts-de-canvi-climatic-de-nacions-unides-a-dubai-unio-dels-emirats-arabs-cop-28\/","title":{"rendered":"Confer\u00e8ncia de les Parts de canvi clim\u00e0tic de Nacions Unides a Dubai, Uni\u00f3 dels Emirats \u00c0rabs. COP 28"},"content":{"rendered":"<p>Fundaci\u00f3 Naturgy publica el document\u00a0Confer\u00e8ncia de les Parts de canvi clim\u00e0tic de Nacions Unides a Dubai, Uni\u00f3 dels Emirats \u00c0rabs. COP 28, elaborat per PwC, en qu\u00e8 es repassen alguns resultats rellevants d&#8217;aquesta cimera, que va finalitzar el 13 de desembre, i que ha incl\u00f2s les consideracions del primer Balan\u00e7 Mundial (<em>Global Stocktake<\/em>).<\/p>\n","protected":false},"excerpt":{"rendered":"<p>Fundaci\u00f3 Naturgy publica el document\u00a0Confer\u00e8ncia de les Parts de canvi clim\u00e0tic de Nacions Unides a Dubai, Uni\u00f3 dels Emirats \u00c0rabs. COP 28, elaborat per PwC, en qu\u00e8 es repassen alguns resultats rellevants d&#8217;aquesta cimera, que va finalitzar el 13 de desembre, i que ha incl\u00f2s les consideracions del primer Balan\u00e7 Mundial (<em>Global Stocktake<\/em>).<\/p>\n","protected":false},"featured_media":88155,"template":"","meta":{"inline_featured_image":false},"categories":[1233,1205,1208],"content-type":[1166],"product_tag":[],"acf":[],"post_class":["post-88240","product","type-product","status-publish","has-post-thumbnail","hentry","category-energia-ca","category-medi-ambient","category-transicio-energetica","content-type-articles-e-informes","wordpress-sticky"],"_links":{"self":[{"href":"https:\/\/www.fundacionnaturgy.org\/ca\/wp-json\/wp\/v2\/product\/88240"}],"collection":[{"href":"https:\/\/www.fundacionnaturgy.org\/ca\/wp-json\/wp\/v2\/product"}],"about":[{"href":"https:\/\/www.fundacionnaturgy.org\/ca\/wp-json\/wp\/v2\/types\/product"}],"wp:featuredmedia":[{"embeddable":true,"href":"https:\/\/www.fundacionnaturgy.org\/ca\/wp-json\/wp\/v2\/media\/88155"}],"wp:attachment":[{"href":"https:\/\/www.fundacionnaturgy.org\/ca\/wp-json\/wp\/v2\/media?parent=88240"}],"wp:term":[{"taxonomy":"category","embeddable":true,"href":"https:\/\/www.fundacionnaturgy.org\/ca\/wp-json\/wp\/v2\/categories?post=88240"},{"taxonomy":"content-type","embeddable":true,"href":"https:\/\/www.fundacionnaturgy.org\/ca\/wp-json\/wp\/v2\/content-type?post=88240"},{"taxonomy":"product_tag","embeddable":true,"href":"https:\/\/www.fundacionnaturgy.org\/ca\/wp-json\/wp\/v2\/product_tag?post=88240"}],"curies":[{"name":"wp","href":"https:\/\/api.w.org\/{rel}","templated":true}]}}