{"id":88356,"date":"2024-01-25T10:08:52","date_gmt":"2024-01-25T09:08:52","guid":{"rendered":"https:\/\/www.fundacionnaturgy.org\/?post_type=product&#038;p=88356"},"modified":"2024-03-04T16:11:20","modified_gmt":"2024-03-04T15:11:20","slug":"perspectives-per-a-la-transformacio-industrial-cap-a-una-economia-verda","status":"publish","type":"product","link":"https:\/\/www.fundacionnaturgy.org\/ca\/publicacion\/perspectives-per-a-la-transformacio-industrial-cap-a-una-economia-verda\/","title":{"rendered":"Perspectives per a la transformaci\u00f3 industrial cap a una economia verda"},"content":{"rendered":"<p>Fundaci\u00f3 Naturgy presenta l&#8217;estudi Perspectives per a la transformaci\u00f3 industrial cap a una economia verda, elaborat per l&#8217;Institut de Recerca Tecnol\u00f2gica de la Universitat Pontif\u00edcia Comillas, en qu\u00e8 es repassen la complexitat de la ind\u00fastria, les pol\u00edtiques de descarbonitzaci\u00f3 actuals i els reptes als que s&#8217;enfronta per assolir la neutralitat d&#8217;emissions.<\/p>\n","protected":false},"excerpt":{"rendered":"<p>Fundaci\u00f3 Naturgy presenta l&#8217;estudi Perspectives per a la transformaci\u00f3 industrial cap a una economia verda, elaborat per l&#8217;Institut de Recerca Tecnol\u00f2gica de la Universitat Pontif\u00edcia Comillas, en qu\u00e8 es repassen<span class=\"more-link\"><a href=\"https:\/\/www.fundacionnaturgy.org\/ca\/publicacion\/perspectives-per-a-la-transformacio-industrial-cap-a-una-economia-verda\/\">Llegir m\u00e9s<\/a><\/span><\/p>\n","protected":false},"featured_media":88317,"template":"","meta":{"inline_featured_image":false},"categories":[1233,1205,1207,1208],"content-type":[1166,1169],"product_tag":[],"acf":[],"post_class":["post-88356","product","type-product","status-publish","has-post-thumbnail","hentry","category-energia-ca","category-medi-ambient","category-qualitat-de-laire","category-transicio-energetica","content-type-articles-e-informes","content-type-videos","wordpress-sticky"],"_links":{"self":[{"href":"https:\/\/www.fundacionnaturgy.org\/ca\/wp-json\/wp\/v2\/product\/88356"}],"collection":[{"href":"https:\/\/www.fundacionnaturgy.org\/ca\/wp-json\/wp\/v2\/product"}],"about":[{"href":"https:\/\/www.fundacionnaturgy.org\/ca\/wp-json\/wp\/v2\/types\/product"}],"wp:featuredmedia":[{"embeddable":true,"href":"https:\/\/www.fundacionnaturgy.org\/ca\/wp-json\/wp\/v2\/media\/88317"}],"wp:attachment":[{"href":"https:\/\/www.fundacionnaturgy.org\/ca\/wp-json\/wp\/v2\/media?parent=88356"}],"wp:term":[{"taxonomy":"category","embeddable":true,"href":"https:\/\/www.fundacionnaturgy.org\/ca\/wp-json\/wp\/v2\/categories?post=88356"},{"taxonomy":"content-type","embeddable":true,"href":"https:\/\/www.fundacionnaturgy.org\/ca\/wp-json\/wp\/v2\/content-type?post=88356"},{"taxonomy":"product_tag","embeddable":true,"href":"https:\/\/www.fundacionnaturgy.org\/ca\/wp-json\/wp\/v2\/product_tag?post=88356"}],"curies":[{"name":"wp","href":"https:\/\/api.w.org\/{rel}","templated":true}]}}