{"id":88414,"date":"2024-02-13T09:14:23","date_gmt":"2024-02-13T08:14:23","guid":{"rendered":"https:\/\/www.fundacionnaturgy.org\/?post_type=product&#038;p=88414"},"modified":"2024-02-14T12:58:34","modified_gmt":"2024-02-14T11:58:34","slug":"lefecte-de-la-inflacio-a-lelectrificacio-de-leconomia","status":"publish","type":"product","link":"https:\/\/www.fundacionnaturgy.org\/ca\/publicacion\/lefecte-de-la-inflacio-a-lelectrificacio-de-leconomia\/","title":{"rendered":"L&#8217;efecte de la inflaci\u00f3 a l&#8217;electrificaci\u00f3 de l&#8217;economia"},"content":{"rendered":"<p>Fundaci\u00f3 Naturgy presenta l&#8217;estudi <strong>L&#8217;efecte de la inflaci\u00f3 en l&#8217;electrificaci\u00f3 de <\/strong><strong>l&#8217;economia<\/strong>,\u00a0elaborat per la consultora Arthur D. Little (ADL), en qu\u00e8 s&#8217;analitza l&#8217;efecte de la situaci\u00f3 macroecon\u00f2mica\u00a0recent sobre la capacitat d&#8217;inversi\u00f3 en xarxes el\u00e8ctriques i altres actius necessaris per assolir els objectius del PNIEC en el marc de l&#8217;electrificaci\u00f3 de l&#8217;economia.<\/p>\n","protected":false},"excerpt":{"rendered":"<p>Fundaci\u00f3 Naturgy presenta l&#8217;estudi <strong>L&#8217;efecte de la inflaci\u00f3 en l&#8217;electrificaci\u00f3 de <\/strong><strong>l&#8217;economia<\/strong>,\u00a0elaborat per la consultora Arthur D. Little (ADL), en qu\u00e8 s&#8217;analitza l&#8217;efecte de la situaci\u00f3 macroecon\u00f2mica\u00a0recent sobre la capacitat d&#8217;inversi\u00f3 en xarxes el\u00e8ctriques i altres actius necessaris per assolir els objectius del PNIEC en el marc de l&#8217;electrificaci\u00f3 de l&#8217;economia.<\/p>\n","protected":false},"featured_media":88364,"template":"","meta":{"inline_featured_image":false},"categories":[1233,1208],"content-type":[1166,1169],"product_tag":[],"acf":[],"post_class":["post-88414","product","type-product","status-publish","has-post-thumbnail","hentry","category-energia-ca","category-transicio-energetica","content-type-articles-e-informes","content-type-videos","wordpress-sticky"],"_links":{"self":[{"href":"https:\/\/www.fundacionnaturgy.org\/ca\/wp-json\/wp\/v2\/product\/88414"}],"collection":[{"href":"https:\/\/www.fundacionnaturgy.org\/ca\/wp-json\/wp\/v2\/product"}],"about":[{"href":"https:\/\/www.fundacionnaturgy.org\/ca\/wp-json\/wp\/v2\/types\/product"}],"wp:featuredmedia":[{"embeddable":true,"href":"https:\/\/www.fundacionnaturgy.org\/ca\/wp-json\/wp\/v2\/media\/88364"}],"wp:attachment":[{"href":"https:\/\/www.fundacionnaturgy.org\/ca\/wp-json\/wp\/v2\/media?parent=88414"}],"wp:term":[{"taxonomy":"category","embeddable":true,"href":"https:\/\/www.fundacionnaturgy.org\/ca\/wp-json\/wp\/v2\/categories?post=88414"},{"taxonomy":"content-type","embeddable":true,"href":"https:\/\/www.fundacionnaturgy.org\/ca\/wp-json\/wp\/v2\/content-type?post=88414"},{"taxonomy":"product_tag","embeddable":true,"href":"https:\/\/www.fundacionnaturgy.org\/ca\/wp-json\/wp\/v2\/product_tag?post=88414"}],"curies":[{"name":"wp","href":"https:\/\/api.w.org\/{rel}","templated":true}]}}