{"id":88855,"date":"2024-04-08T11:10:34","date_gmt":"2024-04-08T09:10:34","guid":{"rendered":"https:\/\/www.fundacionnaturgy.org\/?post_type=product&#038;p=88855"},"modified":"2024-04-08T11:16:14","modified_gmt":"2024-04-08T09:16:14","slug":"webinar-converses-ocupacio-i-transformacio-tecnologica","status":"publish","type":"product","link":"https:\/\/www.fundacionnaturgy.org\/ca\/publicacion\/webinar-converses-ocupacio-i-transformacio-tecnologica\/","title":{"rendered":"Webinar Converses &#8220;Ocupaci\u00f3 i transformaci\u00f3 tecnol\u00f2gica&#8221;"},"content":{"rendered":"<p>Fundaci\u00f3 Naturgy i el Cap\u00edtol Espanyol del Club de Roma van celebrar el 5 d&#8217;abril de 2024 un nou webinar basat en Converses entre experts al voltant de temes d&#8217;actualitat relacionats amb l&#8217;energia, el medi ambient i la sostenibilitat.<\/p>\n","protected":false},"excerpt":{"rendered":"<p>Fundaci\u00f3 Naturgy i el Cap\u00edtol Espanyol del Club de Roma van celebrar el 5 d&#8217;abril de 2024 un nou webinar basat en Converses entre experts al voltant de temes d&#8217;actualitat<span class=\"more-link\"><a href=\"https:\/\/www.fundacionnaturgy.org\/ca\/publicacion\/webinar-converses-ocupacio-i-transformacio-tecnologica\/\">Llegir m\u00e9s<\/a><\/span><\/p>\n","protected":false},"featured_media":88632,"template":"","meta":{"inline_featured_image":false},"categories":[1233,1204,1205,1208],"content-type":[1169],"product_tag":[],"acf":[],"post_class":["post-88855","product","type-product","status-publish","has-post-thumbnail","hentry","category-energia-ca","category-innovacio-tecnologica","category-medi-ambient","category-transicio-energetica","content-type-videos","wordpress-sticky"],"_links":{"self":[{"href":"https:\/\/www.fundacionnaturgy.org\/ca\/wp-json\/wp\/v2\/product\/88855"}],"collection":[{"href":"https:\/\/www.fundacionnaturgy.org\/ca\/wp-json\/wp\/v2\/product"}],"about":[{"href":"https:\/\/www.fundacionnaturgy.org\/ca\/wp-json\/wp\/v2\/types\/product"}],"wp:featuredmedia":[{"embeddable":true,"href":"https:\/\/www.fundacionnaturgy.org\/ca\/wp-json\/wp\/v2\/media\/88632"}],"wp:attachment":[{"href":"https:\/\/www.fundacionnaturgy.org\/ca\/wp-json\/wp\/v2\/media?parent=88855"}],"wp:term":[{"taxonomy":"category","embeddable":true,"href":"https:\/\/www.fundacionnaturgy.org\/ca\/wp-json\/wp\/v2\/categories?post=88855"},{"taxonomy":"content-type","embeddable":true,"href":"https:\/\/www.fundacionnaturgy.org\/ca\/wp-json\/wp\/v2\/content-type?post=88855"},{"taxonomy":"product_tag","embeddable":true,"href":"https:\/\/www.fundacionnaturgy.org\/ca\/wp-json\/wp\/v2\/product_tag?post=88855"}],"curies":[{"name":"wp","href":"https:\/\/api.w.org\/{rel}","templated":true}]}}