{"id":88884,"date":"2023-07-18T09:17:01","date_gmt":"2023-07-18T07:17:01","guid":{"rendered":"https:\/\/www.fundacionnaturgy.org\/?post_type=product&#038;p=88884"},"modified":"2024-04-09T13:41:20","modified_gmt":"2024-04-09T11:41:20","slug":"informe-2022-el-sector-electric-espanyol-en-numeros","status":"publish","type":"product","link":"https:\/\/www.fundacionnaturgy.org\/ca\/publicacion\/informe-2022-el-sector-electric-espanyol-en-numeros\/","title":{"rendered":"Informe 2022. El sector el\u00e8ctric espanyol en n\u00fameros"},"content":{"rendered":"<p>Informe anual que recull de forma agrupada les principals dades oficials publicades de l&#8217;activitat del sector el\u00e8ctric, amb especial \u00e8mfasi en les de naturalesa econ\u00f2mica. Recopila la informaci\u00f3 corresponent a l&#8217;any 2022 i es complementa amb la del per\u00edode 2018-2022.<\/p>\n","protected":false},"excerpt":{"rendered":"<p>Informe anual que recull de forma agrupada les principals dades oficials publicades de l&#8217;activitat del sector el\u00e8ctric, amb especial \u00e8mfasi en les de naturalesa econ\u00f2mica. Recopila la informaci\u00f3 corresponent a<span class=\"more-link\"><a href=\"https:\/\/www.fundacionnaturgy.org\/ca\/publicacion\/informe-2022-el-sector-electric-espanyol-en-numeros\/\">Llegir m\u00e9s<\/a><\/span><\/p>\n","protected":false},"featured_media":85935,"template":"","meta":{"inline_featured_image":false},"categories":[1205,1208],"content-type":[1166],"product_tag":[],"acf":[],"post_class":["post-88884","product","type-product","status-publish","has-post-thumbnail","hentry","category-medi-ambient","category-transicio-energetica","content-type-articles-e-informes","wordpress-sticky"],"_links":{"self":[{"href":"https:\/\/www.fundacionnaturgy.org\/ca\/wp-json\/wp\/v2\/product\/88884"}],"collection":[{"href":"https:\/\/www.fundacionnaturgy.org\/ca\/wp-json\/wp\/v2\/product"}],"about":[{"href":"https:\/\/www.fundacionnaturgy.org\/ca\/wp-json\/wp\/v2\/types\/product"}],"wp:featuredmedia":[{"embeddable":true,"href":"https:\/\/www.fundacionnaturgy.org\/ca\/wp-json\/wp\/v2\/media\/85935"}],"wp:attachment":[{"href":"https:\/\/www.fundacionnaturgy.org\/ca\/wp-json\/wp\/v2\/media?parent=88884"}],"wp:term":[{"taxonomy":"category","embeddable":true,"href":"https:\/\/www.fundacionnaturgy.org\/ca\/wp-json\/wp\/v2\/categories?post=88884"},{"taxonomy":"content-type","embeddable":true,"href":"https:\/\/www.fundacionnaturgy.org\/ca\/wp-json\/wp\/v2\/content-type?post=88884"},{"taxonomy":"product_tag","embeddable":true,"href":"https:\/\/www.fundacionnaturgy.org\/ca\/wp-json\/wp\/v2\/product_tag?post=88884"}],"curies":[{"name":"wp","href":"https:\/\/api.w.org\/{rel}","templated":true}]}}