{"id":88940,"date":"2024-04-17T14:06:38","date_gmt":"2024-04-17T12:06:38","guid":{"rendered":"https:\/\/www.fundacionnaturgy.org\/?post_type=product&#038;p=88940"},"modified":"2024-04-17T16:47:50","modified_gmt":"2024-04-17T14:47:50","slug":"webinar-el-sector-energetic-al-mon-perspectives-amb-vaclav-smil","status":"publish","type":"product","link":"https:\/\/www.fundacionnaturgy.org\/ca\/publicacion\/webinar-el-sector-energetic-al-mon-perspectives-amb-vaclav-smil\/","title":{"rendered":"Webinar &#8220;El sector energ\u00e8tic al m\u00f3n. Perspectives&#8221; amb Vaclav Smil"},"content":{"rendered":"<p>Fundaci\u00f3 Naturgy va celebrar el passat 16 d&#8217;abril del 2024 un seminari amb Vaclav Smil, cient\u00edfic, prol\u00edfic escriptor i analista d&#8217;influ\u00e8ncia mundial. Professor em\u00e8rit distingit a la Universitat de Manitoba investiga en \u00e0mbits com l&#8217;energia, el canvi ambiental i poblacional, la producci\u00f3 d&#8217;aliments i l&#8217;economia. Ha publicat nombrosos llibres i articles, i tamb\u00e9 \u00e9s membre de la Royal Society of Canada (Acad\u00e8mia de Ci\u00e8ncies), i de l&#8217;Ordre del Canad\u00e0.<\/p>\n","protected":false},"excerpt":{"rendered":"<p>Fundaci\u00f3 Naturgy va celebrar el passat 16 d&#8217;abril del 2024 un seminari amb Vaclav Smil, cient\u00edfic, prol\u00edfic escriptor i analista d&#8217;influ\u00e8ncia mundial. Professor em\u00e8rit distingit a la Universitat de Manitoba<span class=\"more-link\"><a href=\"https:\/\/www.fundacionnaturgy.org\/ca\/publicacion\/webinar-el-sector-energetic-al-mon-perspectives-amb-vaclav-smil\/\">Llegir m\u00e9s<\/a><\/span><\/p>\n","protected":false},"featured_media":80010,"template":"","meta":{"inline_featured_image":false},"categories":[1233,1208],"content-type":[1169],"product_tag":[],"acf":[],"post_class":["post-88940","product","type-product","status-publish","has-post-thumbnail","hentry","category-energia-ca","category-transicio-energetica","content-type-videos","wordpress-sticky"],"_links":{"self":[{"href":"https:\/\/www.fundacionnaturgy.org\/ca\/wp-json\/wp\/v2\/product\/88940"}],"collection":[{"href":"https:\/\/www.fundacionnaturgy.org\/ca\/wp-json\/wp\/v2\/product"}],"about":[{"href":"https:\/\/www.fundacionnaturgy.org\/ca\/wp-json\/wp\/v2\/types\/product"}],"wp:featuredmedia":[{"embeddable":true,"href":"https:\/\/www.fundacionnaturgy.org\/ca\/wp-json\/wp\/v2\/media\/80010"}],"wp:attachment":[{"href":"https:\/\/www.fundacionnaturgy.org\/ca\/wp-json\/wp\/v2\/media?parent=88940"}],"wp:term":[{"taxonomy":"category","embeddable":true,"href":"https:\/\/www.fundacionnaturgy.org\/ca\/wp-json\/wp\/v2\/categories?post=88940"},{"taxonomy":"content-type","embeddable":true,"href":"https:\/\/www.fundacionnaturgy.org\/ca\/wp-json\/wp\/v2\/content-type?post=88940"},{"taxonomy":"product_tag","embeddable":true,"href":"https:\/\/www.fundacionnaturgy.org\/ca\/wp-json\/wp\/v2\/product_tag?post=88940"}],"curies":[{"name":"wp","href":"https:\/\/api.w.org\/{rel}","templated":true}]}}