{"id":89065,"date":"2024-04-26T13:11:11","date_gmt":"2024-04-26T11:11:11","guid":{"rendered":"https:\/\/www.fundacionnaturgy.org\/?post_type=product&#038;p=89065"},"modified":"2024-04-26T13:25:24","modified_gmt":"2024-04-26T11:25:24","slug":"webinar-sendes-geopolitiques-de-la-transicio-energetica-mediterrani-oriental","status":"publish","type":"product","link":"https:\/\/www.fundacionnaturgy.org\/ca\/publicacion\/webinar-sendes-geopolitiques-de-la-transicio-energetica-mediterrani-oriental\/","title":{"rendered":"Webinar &#8220;Sendes geopol\u00edtiques de la transici\u00f3 energ\u00e8tica: Mediterrani Oriental&#8221;"},"content":{"rendered":"<p>En aquesta sessi\u00f3, celebrada el passat 24 d&#8217;abril de 2024, es va abordar el potencial per a la cooperaci\u00f3 energ\u00e8tica a la Mediterr\u00e0nia Oriental, que abasta el desenvolupament comercial de les reserves de gas natural de la regi\u00f3 i el de les renovables, incloent-hi els projectes de interconnexi\u00f3 el\u00e8ctrica amb Egipte i Israel i la cooperaci\u00f3 euroeg\u00edpcia en hidrogen verd, per identificar impulsors, barreres, aix\u00ed com implicacions per a la Uni\u00f3 Europea.<\/p>\n","protected":false},"excerpt":{"rendered":"<p>En aquesta sessi\u00f3, celebrada el passat 24 d&#8217;abril de 2024, es va abordar el potencial per a la cooperaci\u00f3 energ\u00e8tica a la Mediterr\u00e0nia Oriental, que abasta el desenvolupament comercial de<span class=\"more-link\"><a href=\"https:\/\/www.fundacionnaturgy.org\/ca\/publicacion\/webinar-sendes-geopolitiques-de-la-transicio-energetica-mediterrani-oriental\/\">Llegir m\u00e9s<\/a><\/span><\/p>\n","protected":false},"featured_media":89067,"template":"","meta":{"inline_featured_image":false},"categories":[1233,1205,1208],"content-type":[1169],"product_tag":[],"acf":[],"post_class":["post-89065","product","type-product","status-publish","has-post-thumbnail","hentry","category-energia-ca","category-medi-ambient","category-transicio-energetica","content-type-videos","wordpress-sticky"],"_links":{"self":[{"href":"https:\/\/www.fundacionnaturgy.org\/ca\/wp-json\/wp\/v2\/product\/89065"}],"collection":[{"href":"https:\/\/www.fundacionnaturgy.org\/ca\/wp-json\/wp\/v2\/product"}],"about":[{"href":"https:\/\/www.fundacionnaturgy.org\/ca\/wp-json\/wp\/v2\/types\/product"}],"wp:featuredmedia":[{"embeddable":true,"href":"https:\/\/www.fundacionnaturgy.org\/ca\/wp-json\/wp\/v2\/media\/89067"}],"wp:attachment":[{"href":"https:\/\/www.fundacionnaturgy.org\/ca\/wp-json\/wp\/v2\/media?parent=89065"}],"wp:term":[{"taxonomy":"category","embeddable":true,"href":"https:\/\/www.fundacionnaturgy.org\/ca\/wp-json\/wp\/v2\/categories?post=89065"},{"taxonomy":"content-type","embeddable":true,"href":"https:\/\/www.fundacionnaturgy.org\/ca\/wp-json\/wp\/v2\/content-type?post=89065"},{"taxonomy":"product_tag","embeddable":true,"href":"https:\/\/www.fundacionnaturgy.org\/ca\/wp-json\/wp\/v2\/product_tag?post=89065"}],"curies":[{"name":"wp","href":"https:\/\/api.w.org\/{rel}","templated":true}]}}