{"id":89074,"date":"2024-04-25T12:33:22","date_gmt":"2024-04-25T10:33:22","guid":{"rendered":"https:\/\/www.fundacionnaturgy.org\/?post_type=product&#038;p=89074"},"modified":"2024-05-15T13:37:59","modified_gmt":"2024-05-15T11:37:59","slug":"la-regulacio-del-mercat-electric-majorista-davant-del-nou-entorn-europeu","status":"publish","type":"product","link":"https:\/\/www.fundacionnaturgy.org\/ca\/publicacion\/la-regulacio-del-mercat-electric-majorista-davant-del-nou-entorn-europeu\/","title":{"rendered":"La regulaci\u00f3 del mercat el\u00e8ctric majorista davant del nou entorn europeu"},"content":{"rendered":"<p>Aquest informe analitza el nou marc regulador comunitari i el seu impacte sobre el desenvolupament del sector el\u00e8ctric, focalitzant-se en les implicacions que tindria al mercat majorista el\u00e8ctric espanyol, i en les q\u00fcestions que queden obertes al debat.<\/p>\n","protected":false},"excerpt":{"rendered":"<p>Aquest informe analitza el nou marc regulador comunitari i el seu impacte sobre el desenvolupament del sector el\u00e8ctric, focalitzant-se en les implicacions que tindria al mercat majorista el\u00e8ctric espanyol, i en les q\u00fcestions que queden obertes al debat.<\/p>\n","protected":false},"featured_media":89058,"template":"","meta":{"inline_featured_image":false},"categories":[1233,1208],"content-type":[1166,1169],"product_tag":[],"acf":[],"post_class":["post-89074","product","type-product","status-publish","has-post-thumbnail","hentry","category-energia-ca","category-transicio-energetica","content-type-articles-e-informes","content-type-videos","wordpress-sticky"],"_links":{"self":[{"href":"https:\/\/www.fundacionnaturgy.org\/ca\/wp-json\/wp\/v2\/product\/89074"}],"collection":[{"href":"https:\/\/www.fundacionnaturgy.org\/ca\/wp-json\/wp\/v2\/product"}],"about":[{"href":"https:\/\/www.fundacionnaturgy.org\/ca\/wp-json\/wp\/v2\/types\/product"}],"wp:featuredmedia":[{"embeddable":true,"href":"https:\/\/www.fundacionnaturgy.org\/ca\/wp-json\/wp\/v2\/media\/89058"}],"wp:attachment":[{"href":"https:\/\/www.fundacionnaturgy.org\/ca\/wp-json\/wp\/v2\/media?parent=89074"}],"wp:term":[{"taxonomy":"category","embeddable":true,"href":"https:\/\/www.fundacionnaturgy.org\/ca\/wp-json\/wp\/v2\/categories?post=89074"},{"taxonomy":"content-type","embeddable":true,"href":"https:\/\/www.fundacionnaturgy.org\/ca\/wp-json\/wp\/v2\/content-type?post=89074"},{"taxonomy":"product_tag","embeddable":true,"href":"https:\/\/www.fundacionnaturgy.org\/ca\/wp-json\/wp\/v2\/product_tag?post=89074"}],"curies":[{"name":"wp","href":"https:\/\/api.w.org\/{rel}","templated":true}]}}