{"id":89370,"date":"2024-05-13T12:21:01","date_gmt":"2024-05-13T10:21:01","guid":{"rendered":"https:\/\/www.fundacionnaturgy.org\/?post_type=product&#038;p=89370"},"modified":"2024-05-13T12:45:52","modified_gmt":"2024-05-13T10:45:52","slug":"webinar-perspectives-del-sector-energetic","status":"publish","type":"product","link":"https:\/\/www.fundacionnaturgy.org\/ca\/publicacion\/webinar-perspectives-del-sector-energetic\/","title":{"rendered":"Webinar &#8220;Perspectives del sector energ\u00e8tic&#8221;"},"content":{"rendered":"<p>Fundaci\u00f3 Naturgy i el Cercle d\u2019Economia van celebrar una jornada en qu\u00e8 es tractar\u00e0 la situaci\u00f3 del sector energ\u00e8tic en la complexa conjuntura internacional que estem vivint amb focus especial a Europa i Espanya.<\/p>\n","protected":false},"excerpt":{"rendered":"<p>Fundaci\u00f3 Naturgy i el Cercle d\u2019Economia van celebrar una jornada en qu\u00e8 es tractar\u00e0 la situaci\u00f3 del sector energ\u00e8tic en la complexa conjuntura internacional que estem vivint amb focus especial<span class=\"more-link\"><a href=\"https:\/\/www.fundacionnaturgy.org\/ca\/publicacion\/webinar-perspectives-del-sector-energetic\/\">Llegir m\u00e9s<\/a><\/span><\/p>\n","protected":false},"featured_media":85502,"template":"","meta":{"inline_featured_image":false},"categories":[1233,1205,1208],"content-type":[1169],"product_tag":[],"acf":[],"post_class":["post-89370","product","type-product","status-publish","has-post-thumbnail","hentry","category-energia-ca","category-medi-ambient","category-transicio-energetica","content-type-videos","wordpress-sticky"],"_links":{"self":[{"href":"https:\/\/www.fundacionnaturgy.org\/ca\/wp-json\/wp\/v2\/product\/89370"}],"collection":[{"href":"https:\/\/www.fundacionnaturgy.org\/ca\/wp-json\/wp\/v2\/product"}],"about":[{"href":"https:\/\/www.fundacionnaturgy.org\/ca\/wp-json\/wp\/v2\/types\/product"}],"wp:featuredmedia":[{"embeddable":true,"href":"https:\/\/www.fundacionnaturgy.org\/ca\/wp-json\/wp\/v2\/media\/85502"}],"wp:attachment":[{"href":"https:\/\/www.fundacionnaturgy.org\/ca\/wp-json\/wp\/v2\/media?parent=89370"}],"wp:term":[{"taxonomy":"category","embeddable":true,"href":"https:\/\/www.fundacionnaturgy.org\/ca\/wp-json\/wp\/v2\/categories?post=89370"},{"taxonomy":"content-type","embeddable":true,"href":"https:\/\/www.fundacionnaturgy.org\/ca\/wp-json\/wp\/v2\/content-type?post=89370"},{"taxonomy":"product_tag","embeddable":true,"href":"https:\/\/www.fundacionnaturgy.org\/ca\/wp-json\/wp\/v2\/product_tag?post=89370"}],"curies":[{"name":"wp","href":"https:\/\/api.w.org\/{rel}","templated":true}]}}