{"id":90056,"date":"2024-07-02T11:14:10","date_gmt":"2024-07-02T09:14:10","guid":{"rendered":"https:\/\/www.fundacionnaturgy.org\/?post_type=product&#038;p=90056"},"modified":"2024-07-17T10:54:31","modified_gmt":"2024-07-17T08:54:31","slug":"la-digitalitzacio-de-les-xarxes-electriques-de-distribucio-indicadors-i-inversions","status":"publish","type":"product","link":"https:\/\/www.fundacionnaturgy.org\/ca\/publicacion\/la-digitalitzacio-de-les-xarxes-electriques-de-distribucio-indicadors-i-inversions\/","title":{"rendered":"La digitalitzaci\u00f3 de les xarxes el\u00e8ctriques de distribuci\u00f3: Indicadors i inversions"},"content":{"rendered":"<p>Aquest document proposa diversos indicadors per mesurar la digitalitzaci\u00f3 i integraci\u00f3 de recursos energ\u00e8tics distribu\u00efts a les xarxes, i revisa les inversions i el marc regulador necessaris per aconseguir una transici\u00f3 energ\u00e8tica eficient.<\/p>\n","protected":false},"excerpt":{"rendered":"<p>Aquest document proposa diversos indicadors per mesurar la digitalitzaci\u00f3 i integraci\u00f3 de recursos energ\u00e8tics distribu\u00efts a les xarxes, i revisa les inversions i el marc regulador necessaris per aconseguir una<span class=\"more-link\"><a href=\"https:\/\/www.fundacionnaturgy.org\/ca\/publicacion\/la-digitalitzacio-de-les-xarxes-electriques-de-distribucio-indicadors-i-inversions\/\">Llegir m\u00e9s<\/a><\/span><\/p>\n","protected":false},"featured_media":89938,"template":"","meta":{"inline_featured_image":false},"categories":[1233,1205,1208],"content-type":[1166,1169],"product_tag":[],"acf":[],"post_class":["post-90056","product","type-product","status-publish","has-post-thumbnail","hentry","category-energia-ca","category-medi-ambient","category-transicio-energetica","content-type-articles-e-informes","content-type-videos","wordpress-sticky"],"_links":{"self":[{"href":"https:\/\/www.fundacionnaturgy.org\/ca\/wp-json\/wp\/v2\/product\/90056"}],"collection":[{"href":"https:\/\/www.fundacionnaturgy.org\/ca\/wp-json\/wp\/v2\/product"}],"about":[{"href":"https:\/\/www.fundacionnaturgy.org\/ca\/wp-json\/wp\/v2\/types\/product"}],"wp:featuredmedia":[{"embeddable":true,"href":"https:\/\/www.fundacionnaturgy.org\/ca\/wp-json\/wp\/v2\/media\/89938"}],"wp:attachment":[{"href":"https:\/\/www.fundacionnaturgy.org\/ca\/wp-json\/wp\/v2\/media?parent=90056"}],"wp:term":[{"taxonomy":"category","embeddable":true,"href":"https:\/\/www.fundacionnaturgy.org\/ca\/wp-json\/wp\/v2\/categories?post=90056"},{"taxonomy":"content-type","embeddable":true,"href":"https:\/\/www.fundacionnaturgy.org\/ca\/wp-json\/wp\/v2\/content-type?post=90056"},{"taxonomy":"product_tag","embeddable":true,"href":"https:\/\/www.fundacionnaturgy.org\/ca\/wp-json\/wp\/v2\/product_tag?post=90056"}],"curies":[{"name":"wp","href":"https:\/\/api.w.org\/{rel}","templated":true}]}}