{"id":90090,"date":"2024-07-16T11:16:05","date_gmt":"2024-07-16T09:16:05","guid":{"rendered":"https:\/\/www.fundacionnaturgy.org\/?post_type=product&#038;p=90090"},"modified":"2024-09-19T13:49:34","modified_gmt":"2024-09-19T11:49:34","slug":"limpacte-del-pacte-verd-a-la-industria-de-la-ue-mesures-adoptades-i-reptes-futurs","status":"publish","type":"product","link":"https:\/\/www.fundacionnaturgy.org\/ca\/publicacion\/limpacte-del-pacte-verd-a-la-industria-de-la-ue-mesures-adoptades-i-reptes-futurs\/","title":{"rendered":"L&#8217;impacte del Pacte Verd a la ind\u00fastria de la UE: mesures adoptades i reptes futurs"},"content":{"rendered":"<p>Fundaci\u00f3 Naturgy presenta l&#8217;estudi &#8220;L&#8217;impacte del Pacte Verd a la ind\u00fastria de la UE: mesures adoptades i reptes futurs&#8221;, elaborat per Christopher Jones, de Florence School of Regulation, on es repassa la legislaci\u00f3 en mat\u00e8ria d&#8217;energia i clima adoptant recentment a la UE i l&#8217;impacte que tindran a la ind\u00fastria europea.<\/p>\n<p>Aquest document tracta mesures com la nova Directiva d&#8217;Energies Renovables, el R\u00e8gim de Comer\u00e7 de Drets d&#8217;Emissi\u00f3 i Ajust en Frontera (CBAM), o el nou marc ESG, entre d&#8217;altres, mesures totes que s&#8217;han de considerar en conjunt per fer-ne una adequada valoraci\u00f3 del seu impacte.<\/p>\n","protected":false},"excerpt":{"rendered":"<p>Fundaci\u00f3 Naturgy presenta l&#8217;estudi &#8220;L&#8217;impacte del Pacte Verd a la ind\u00fastria de la UE: mesures adoptades i reptes futurs&#8221;, elaborat per Christopher Jones, de Florence School of Regulation, on es repassa la legislaci\u00f3 en mat\u00e8ria d&#8217;energia i clima adoptant recentment a la UE i l&#8217;impacte que tindran a la ind\u00fastria europea.<\/p>\n<p>Aquest document tracta mesures com la nova Directiva d&#8217;Energies Renovables, el R\u00e8gim de Comer\u00e7 de Drets d&#8217;Emissi\u00f3 i Ajust en Frontera (CBAM), o el nou marc ESG, entre d&#8217;altres, mesures totes que s&#8217;han de considerar en conjunt per fer-ne una adequada valoraci\u00f3 del seu impacte.<\/p>\n","protected":false},"featured_media":89993,"template":"","meta":{"inline_featured_image":false},"categories":[1233,1205,1208],"content-type":[1166],"product_tag":[],"acf":[],"post_class":["post-90090","product","type-product","status-publish","has-post-thumbnail","hentry","category-energia-ca","category-medi-ambient","category-transicio-energetica","content-type-articles-e-informes","wordpress-sticky"],"_links":{"self":[{"href":"https:\/\/www.fundacionnaturgy.org\/ca\/wp-json\/wp\/v2\/product\/90090"}],"collection":[{"href":"https:\/\/www.fundacionnaturgy.org\/ca\/wp-json\/wp\/v2\/product"}],"about":[{"href":"https:\/\/www.fundacionnaturgy.org\/ca\/wp-json\/wp\/v2\/types\/product"}],"wp:featuredmedia":[{"embeddable":true,"href":"https:\/\/www.fundacionnaturgy.org\/ca\/wp-json\/wp\/v2\/media\/89993"}],"wp:attachment":[{"href":"https:\/\/www.fundacionnaturgy.org\/ca\/wp-json\/wp\/v2\/media?parent=90090"}],"wp:term":[{"taxonomy":"category","embeddable":true,"href":"https:\/\/www.fundacionnaturgy.org\/ca\/wp-json\/wp\/v2\/categories?post=90090"},{"taxonomy":"content-type","embeddable":true,"href":"https:\/\/www.fundacionnaturgy.org\/ca\/wp-json\/wp\/v2\/content-type?post=90090"},{"taxonomy":"product_tag","embeddable":true,"href":"https:\/\/www.fundacionnaturgy.org\/ca\/wp-json\/wp\/v2\/product_tag?post=90090"}],"curies":[{"name":"wp","href":"https:\/\/api.w.org\/{rel}","templated":true}]}}