{"id":90189,"date":"2024-07-18T12:25:35","date_gmt":"2024-07-18T10:25:35","guid":{"rendered":""},"modified":"2024-11-11T11:08:40","modified_gmt":"2024-11-11T10:08:40","slug":"informe-2023-el-sector-espanyol-del-gas-en-numeros","status":"publish","type":"product","link":"https:\/\/www.fundacionnaturgy.org\/ca\/publicacion\/informe-2023-el-sector-espanyol-del-gas-en-numeros\/","title":{"rendered":"Informe 2023. El sector espanyol del gas en n\u00fameros"},"content":{"rendered":"<p>Informe anual que recull de forma agrupada les principals dades oficials publicades de l&#8217;activitat del sector del gas, amb especial \u00e8mfasi en les de naturalesa econ\u00f2mica. Recopila la informaci\u00f3 corresponent a l&#8217;any 2023 i es complementa amb la del per\u00edode 2019-2023.<\/p>\n","protected":false},"excerpt":{"rendered":"<p>Informe anual que recull de forma agrupada les principals dades oficials publicades de l&#8217;activitat del sector del gas, amb especial \u00e8mfasi en les de naturalesa econ\u00f2mica. Recopila la informaci\u00f3 corresponent<span class=\"more-link\"><a href=\"https:\/\/www.fundacionnaturgy.org\/ca\/publicacion\/informe-2023-el-sector-espanyol-del-gas-en-numeros\/\">Llegir m\u00e9s<\/a><\/span><\/p>\n","protected":false},"featured_media":89957,"template":"","meta":{"inline_featured_image":false},"categories":[1233,1205,1208],"content-type":[1166,1169],"product_tag":[],"acf":[],"post_class":["post-90189","product","type-product","status-publish","has-post-thumbnail","hentry","category-energia-ca","category-medi-ambient","category-transicio-energetica","content-type-articles-e-informes","content-type-videos","wordpress-sticky"],"_links":{"self":[{"href":"https:\/\/www.fundacionnaturgy.org\/ca\/wp-json\/wp\/v2\/product\/90189"}],"collection":[{"href":"https:\/\/www.fundacionnaturgy.org\/ca\/wp-json\/wp\/v2\/product"}],"about":[{"href":"https:\/\/www.fundacionnaturgy.org\/ca\/wp-json\/wp\/v2\/types\/product"}],"wp:featuredmedia":[{"embeddable":true,"href":"https:\/\/www.fundacionnaturgy.org\/ca\/wp-json\/wp\/v2\/media\/89957"}],"wp:attachment":[{"href":"https:\/\/www.fundacionnaturgy.org\/ca\/wp-json\/wp\/v2\/media?parent=90189"}],"wp:term":[{"taxonomy":"category","embeddable":true,"href":"https:\/\/www.fundacionnaturgy.org\/ca\/wp-json\/wp\/v2\/categories?post=90189"},{"taxonomy":"content-type","embeddable":true,"href":"https:\/\/www.fundacionnaturgy.org\/ca\/wp-json\/wp\/v2\/content-type?post=90189"},{"taxonomy":"product_tag","embeddable":true,"href":"https:\/\/www.fundacionnaturgy.org\/ca\/wp-json\/wp\/v2\/product_tag?post=90189"}],"curies":[{"name":"wp","href":"https:\/\/api.w.org\/{rel}","templated":true}]}}