{"id":90692,"date":"2024-10-09T13:02:12","date_gmt":"2024-10-09T11:02:12","guid":{"rendered":"https:\/\/www.fundacionnaturgy.org\/?post_type=product&#038;p=90692"},"modified":"2024-10-10T09:52:03","modified_gmt":"2024-10-10T07:52:03","slug":"evolucio-de-les-emissions-de-gasos-efecte-hivernacle-a-espanya-2005-2022","status":"publish","type":"product","link":"https:\/\/www.fundacionnaturgy.org\/ca\/publicacion\/evolucio-de-les-emissions-de-gasos-efecte-hivernacle-a-espanya-2005-2022\/","title":{"rendered":"Evoluci\u00f3 de les emissions de gasos efecte hivernacle a Espanya 2005-2022"},"content":{"rendered":"<p>Fundaci\u00f3 Naturgy publica el document Evoluci\u00f3 de les emissions de gasos efecte hivernacle a Espanya 2005-2022, elaborat per la consultora internacional de medi ambient Liken Carbon Hub.<\/p>\n<p>L&#8217;estudi analitza l&#8217;evoluci\u00f3 de les emissions de gasos d&#8217;efecte hivernacle (GEI) a Espanya durant els darrers divuit anys, amb un focus especial en les corresponents a l&#8217;\u00faltim any. Aquest per\u00edode coincideix amb la implementaci\u00f3 a la Uni\u00f3 Europea del r\u00e8gim de comer\u00e7 de drets d&#8217;emissi\u00f3 de GEH.<\/p>\n<p>Per a aquesta an\u00e0lisi s&#8217;han utilitzat dades verificades per aquest sistema a Espanya, aix\u00ed com les dades proporcionades per l&#8217;Inventari Nacional de Gasos d&#8217;Efecte Hivernacle, incloent-hi un cap\u00edtol especial sobre les projeccions del PNIEC actualitzat 2023-2030.<\/p>\n","protected":false},"excerpt":{"rendered":"<p>Fundaci\u00f3 Naturgy publica el document Evoluci\u00f3 de les emissions de gasos efecte hivernacle a Espanya 2005-2022, elaborat per la consultora internacional de medi ambient Liken Carbon Hub. L&#8217;estudi analitza l&#8217;evoluci\u00f3<span class=\"more-link\"><a href=\"https:\/\/www.fundacionnaturgy.org\/ca\/publicacion\/evolucio-de-les-emissions-de-gasos-efecte-hivernacle-a-espanya-2005-2022\/\">Llegir m\u00e9s<\/a><\/span><\/p>\n","protected":false},"featured_media":90222,"template":"","meta":{"inline_featured_image":false},"categories":[1233,1205,1208],"content-type":[1166,1169],"product_tag":[],"acf":[],"post_class":["post-90692","product","type-product","status-publish","has-post-thumbnail","hentry","category-energia-ca","category-medi-ambient","category-transicio-energetica","content-type-articles-e-informes","content-type-videos","wordpress-sticky"],"_links":{"self":[{"href":"https:\/\/www.fundacionnaturgy.org\/ca\/wp-json\/wp\/v2\/product\/90692"}],"collection":[{"href":"https:\/\/www.fundacionnaturgy.org\/ca\/wp-json\/wp\/v2\/product"}],"about":[{"href":"https:\/\/www.fundacionnaturgy.org\/ca\/wp-json\/wp\/v2\/types\/product"}],"wp:featuredmedia":[{"embeddable":true,"href":"https:\/\/www.fundacionnaturgy.org\/ca\/wp-json\/wp\/v2\/media\/90222"}],"wp:attachment":[{"href":"https:\/\/www.fundacionnaturgy.org\/ca\/wp-json\/wp\/v2\/media?parent=90692"}],"wp:term":[{"taxonomy":"category","embeddable":true,"href":"https:\/\/www.fundacionnaturgy.org\/ca\/wp-json\/wp\/v2\/categories?post=90692"},{"taxonomy":"content-type","embeddable":true,"href":"https:\/\/www.fundacionnaturgy.org\/ca\/wp-json\/wp\/v2\/content-type?post=90692"},{"taxonomy":"product_tag","embeddable":true,"href":"https:\/\/www.fundacionnaturgy.org\/ca\/wp-json\/wp\/v2\/product_tag?post=90692"}],"curies":[{"name":"wp","href":"https:\/\/api.w.org\/{rel}","templated":true}]}}