{"id":90842,"date":"2024-10-21T11:13:08","date_gmt":"2024-10-21T09:13:08","guid":{"rendered":"https:\/\/www.fundacionnaturgy.org\/?post_type=product&#038;p=90842"},"modified":"2024-10-21T15:04:34","modified_gmt":"2024-10-21T13:04:34","slug":"sistemes-solars-fotovoltaics-dautoconsum-disseny-instal%c2%b7lacio-i-manteniment","status":"publish","type":"product","link":"https:\/\/www.fundacionnaturgy.org\/ca\/publicacion\/sistemes-solars-fotovoltaics-dautoconsum-disseny-instal%c2%b7lacio-i-manteniment\/","title":{"rendered":"Sistemes solars fotovoltaics d&#8217;autoconsum. Disseny, instal\u00b7laci\u00f3 i manteniment"},"content":{"rendered":"<p>Aquesta publicaci\u00f3 aborda de manera integral el disseny, la instal\u00b7laci\u00f3 i el manteniment de sistemes solars fotovoltaics per a l&#8217;autoconsum energ\u00e8tic. Mitjan\u00e7ant un enfocament pr\u00e0ctic i accessible, l&#8217;objectiu d&#8217;aquesta publicaci\u00f3 \u00e9s proporcionar els coneixements necessaris per comprendre els principis b\u00e0sics de l&#8217;energia solar, les normatives vigents i les millors pr\u00e0ctiques per implementar solucions energ\u00e8tiques sostenibles. El contingut inclou una contextualitzaci\u00f3 de l&#8217;actual marc energ\u00e8tic, els fonaments d&#8217;instal\u00b7lacions fotovoltaiques, el disseny d&#8217;aquestes per a l&#8217;autoconsum i els exemples de dissenys de sistemes fotovoltaics.<\/p>\n","protected":false},"excerpt":{"rendered":"<p>Aquesta publicaci\u00f3 aborda de manera integral el disseny, la instal\u00b7laci\u00f3 i el manteniment de sistemes solars fotovoltaics per a l&#8217;autoconsum energ\u00e8tic. Mitjan\u00e7ant un enfocament pr\u00e0ctic i accessible, l&#8217;objectiu d&#8217;aquesta publicaci\u00f3<span class=\"more-link\"><a href=\"https:\/\/www.fundacionnaturgy.org\/ca\/publicacion\/sistemes-solars-fotovoltaics-dautoconsum-disseny-instal%c2%b7lacio-i-manteniment\/\">Llegir m\u00e9s<\/a><\/span><\/p>\n","protected":false},"featured_media":90611,"template":"","meta":{"inline_featured_image":false},"categories":[242,1233,1202,1205,1208],"content-type":[1168],"product_tag":[],"acf":[],"post_class":["post-90842","product","type-product","status-publish","has-post-thumbnail","hentry","category-educacio-divulgacio","category-energia-ca","category-energies-renovables","category-medi-ambient","category-transicio-energetica","content-type-llibres","wordpress-sticky"],"_links":{"self":[{"href":"https:\/\/www.fundacionnaturgy.org\/ca\/wp-json\/wp\/v2\/product\/90842"}],"collection":[{"href":"https:\/\/www.fundacionnaturgy.org\/ca\/wp-json\/wp\/v2\/product"}],"about":[{"href":"https:\/\/www.fundacionnaturgy.org\/ca\/wp-json\/wp\/v2\/types\/product"}],"wp:featuredmedia":[{"embeddable":true,"href":"https:\/\/www.fundacionnaturgy.org\/ca\/wp-json\/wp\/v2\/media\/90611"}],"wp:attachment":[{"href":"https:\/\/www.fundacionnaturgy.org\/ca\/wp-json\/wp\/v2\/media?parent=90842"}],"wp:term":[{"taxonomy":"category","embeddable":true,"href":"https:\/\/www.fundacionnaturgy.org\/ca\/wp-json\/wp\/v2\/categories?post=90842"},{"taxonomy":"content-type","embeddable":true,"href":"https:\/\/www.fundacionnaturgy.org\/ca\/wp-json\/wp\/v2\/content-type?post=90842"},{"taxonomy":"product_tag","embeddable":true,"href":"https:\/\/www.fundacionnaturgy.org\/ca\/wp-json\/wp\/v2\/product_tag?post=90842"}],"curies":[{"name":"wp","href":"https:\/\/api.w.org\/{rel}","templated":true}]}}