{"id":91023,"date":"2024-11-29T13:37:51","date_gmt":"2024-11-29T12:37:51","guid":{"rendered":"https:\/\/www.fundacionnaturgy.org\/?post_type=product&#038;p=91023"},"modified":"2024-12-02T15:10:21","modified_gmt":"2024-12-02T14:10:21","slug":"conferencia-de-les-parts-de-canvi-climatic-de-les-nacions-unides-a-baku-azerbaidjan-cop-29","status":"publish","type":"product","link":"https:\/\/www.fundacionnaturgy.org\/ca\/publicacion\/conferencia-de-les-parts-de-canvi-climatic-de-les-nacions-unides-a-baku-azerbaidjan-cop-29\/","title":{"rendered":"Confer\u00e8ncia de les Parts de canvi clim\u00e0tic de les Nacions Unides a Bak\u00fa, Azerbaidjan. COP 29"},"content":{"rendered":"<p>Fundaci\u00f3 Naturgy publica el document Confer\u00e8ncia de les Parts de canvi clim\u00e0tic de les Nacions Unides a Bak\u00fa, Azerbaidjan. COP 29, elaborat per PwC, en qu\u00e8 es repassen alguns resultats rellevants d&#8217;aquesta cimera, que va finalitzar el 22 de novembre.<\/p>\n<p>A m\u00e9s, i juntament amb el Cap\u00edtol Espanyol del Club de Roma, hem celebrat una jornada per analitzar les conclusions de la COP29, amb la participaci\u00f3 de Valvanera Ulargui, directora general de l&#8217;Oficina Espanyola de Canvi Clim\u00e0tic MITECO, i Lara L\u00e1zaro, investigadora principal de Real Institut Elcano.<\/p>\n","protected":false},"excerpt":{"rendered":"<p>Fundaci\u00f3 Naturgy publica el document Confer\u00e8ncia de les Parts de canvi clim\u00e0tic de les Nacions Unides a Bak\u00fa, Azerbaidjan. COP 29, elaborat per PwC, en qu\u00e8 es repassen alguns resultats<span class=\"more-link\"><a href=\"https:\/\/www.fundacionnaturgy.org\/ca\/publicacion\/conferencia-de-les-parts-de-canvi-climatic-de-les-nacions-unides-a-baku-azerbaidjan-cop-29\/\">Llegir m\u00e9s<\/a><\/span><\/p>\n","protected":false},"featured_media":90995,"template":"","meta":{"inline_featured_image":false},"categories":[1233,1202,1205,1208],"content-type":[1166,1169],"product_tag":[],"acf":[],"post_class":["post-91023","product","type-product","status-publish","has-post-thumbnail","hentry","category-energia-ca","category-energies-renovables","category-medi-ambient","category-transicio-energetica","content-type-articles-e-informes","content-type-videos","wordpress-sticky"],"_links":{"self":[{"href":"https:\/\/www.fundacionnaturgy.org\/ca\/wp-json\/wp\/v2\/product\/91023"}],"collection":[{"href":"https:\/\/www.fundacionnaturgy.org\/ca\/wp-json\/wp\/v2\/product"}],"about":[{"href":"https:\/\/www.fundacionnaturgy.org\/ca\/wp-json\/wp\/v2\/types\/product"}],"wp:featuredmedia":[{"embeddable":true,"href":"https:\/\/www.fundacionnaturgy.org\/ca\/wp-json\/wp\/v2\/media\/90995"}],"wp:attachment":[{"href":"https:\/\/www.fundacionnaturgy.org\/ca\/wp-json\/wp\/v2\/media?parent=91023"}],"wp:term":[{"taxonomy":"category","embeddable":true,"href":"https:\/\/www.fundacionnaturgy.org\/ca\/wp-json\/wp\/v2\/categories?post=91023"},{"taxonomy":"content-type","embeddable":true,"href":"https:\/\/www.fundacionnaturgy.org\/ca\/wp-json\/wp\/v2\/content-type?post=91023"},{"taxonomy":"product_tag","embeddable":true,"href":"https:\/\/www.fundacionnaturgy.org\/ca\/wp-json\/wp\/v2\/product_tag?post=91023"}],"curies":[{"name":"wp","href":"https:\/\/api.w.org\/{rel}","templated":true}]}}