{"id":91113,"date":"2024-12-13T10:17:28","date_gmt":"2024-12-13T09:17:28","guid":{"rendered":"https:\/\/www.fundacionnaturgy.org\/?post_type=product&#038;p=91113"},"modified":"2024-12-18T14:16:10","modified_gmt":"2024-12-18T13:16:10","slug":"la-fiscalitat-del-sector-de-lenergia-electrica-a-espanya-actualment","status":"publish","type":"product","link":"https:\/\/www.fundacionnaturgy.org\/ca\/publicacion\/la-fiscalitat-del-sector-de-lenergia-electrica-a-espanya-actualment\/","title":{"rendered":"La fiscalitat del sector de l&#8217;energia el\u00e8ctrica a Espanya actualment"},"content":{"rendered":"<p>Fundaci\u00f3 Naturgy publica l&#8217;informe La fiscalitat del sector de l&#8217;energia el\u00e8ctrica a Espanya actualment, elaborat per la consultora EY, en qu\u00e8 s&#8217;aborda tota la cadena de valor del sector, ordenant la gran diversitat de figures impositives que hi recauen. i analitzant-ne l&#8217;\u00e0mbit territorial d&#8217;aplicaci\u00f3.<\/p>\n","protected":false},"excerpt":{"rendered":"<p>Fundaci\u00f3 Naturgy publica l&#8217;informe La fiscalitat del sector de l&#8217;energia el\u00e8ctrica a Espanya actualment, elaborat per la consultora EY, en qu\u00e8 s&#8217;aborda tota la cadena de valor del sector, ordenant<span class=\"more-link\"><a href=\"https:\/\/www.fundacionnaturgy.org\/ca\/publicacion\/la-fiscalitat-del-sector-de-lenergia-electrica-a-espanya-actualment\/\">Llegir m\u00e9s<\/a><\/span><\/p>\n","protected":false},"featured_media":91060,"template":"","meta":{"inline_featured_image":false},"categories":[1233,1205,1208],"content-type":[1166],"product_tag":[],"acf":[],"post_class":["post-91113","product","type-product","status-publish","has-post-thumbnail","hentry","category-energia-ca","category-medi-ambient","category-transicio-energetica","content-type-articles-e-informes","wordpress-sticky"],"_links":{"self":[{"href":"https:\/\/www.fundacionnaturgy.org\/ca\/wp-json\/wp\/v2\/product\/91113"}],"collection":[{"href":"https:\/\/www.fundacionnaturgy.org\/ca\/wp-json\/wp\/v2\/product"}],"about":[{"href":"https:\/\/www.fundacionnaturgy.org\/ca\/wp-json\/wp\/v2\/types\/product"}],"wp:featuredmedia":[{"embeddable":true,"href":"https:\/\/www.fundacionnaturgy.org\/ca\/wp-json\/wp\/v2\/media\/91060"}],"wp:attachment":[{"href":"https:\/\/www.fundacionnaturgy.org\/ca\/wp-json\/wp\/v2\/media?parent=91113"}],"wp:term":[{"taxonomy":"category","embeddable":true,"href":"https:\/\/www.fundacionnaturgy.org\/ca\/wp-json\/wp\/v2\/categories?post=91113"},{"taxonomy":"content-type","embeddable":true,"href":"https:\/\/www.fundacionnaturgy.org\/ca\/wp-json\/wp\/v2\/content-type?post=91113"},{"taxonomy":"product_tag","embeddable":true,"href":"https:\/\/www.fundacionnaturgy.org\/ca\/wp-json\/wp\/v2\/product_tag?post=91113"}],"curies":[{"name":"wp","href":"https:\/\/api.w.org\/{rel}","templated":true}]}}