{"id":91114,"date":"2024-12-12T13:44:09","date_gmt":"2024-12-12T12:44:09","guid":{"rendered":"https:\/\/www.fundacionnaturgy.org\/?post_type=product&#038;p=91114"},"modified":"2025-01-27T15:03:55","modified_gmt":"2025-01-27T14:03:55","slug":"comprenent-la-pobresa-energetica-una-analisi-de-la-persistencia","status":"publish","type":"product","link":"https:\/\/www.fundacionnaturgy.org\/ca\/publicacion\/comprenent-la-pobresa-energetica-una-analisi-de-la-persistencia\/","title":{"rendered":"Comprenent la pobresa energ\u00e8tica: Una an\u00e0lisi de la persist\u00e8ncia"},"content":{"rendered":"<p>L\u00b4objectiu principal d\u00b4aquest informe, elaborat per la C\u00e0tedra de Sostenibilitat Energ\u00e8tica de la Universitat de Barcelona, \u200b\u200b\u00e9s analitzar la din\u00e0mica de la pobresa energ\u00e8tica per con\u00e8ixer si \u00e9s una problem\u00e0tica de car\u00e0cter transitori o persistent, reflexionar sobre l\u00b4efectivitat de les pol\u00edtiques p\u00fabliques i marcar els reptes i objectius que cal abordar els propers anys.<\/p>\n","protected":false},"excerpt":{"rendered":"<p>L\u00b4objectiu principal d\u00b4aquest informe, elaborat per la C\u00e0tedra de Sostenibilitat Energ\u00e8tica de la Universitat de Barcelona, \u200b\u200b\u00e9s analitzar la din\u00e0mica de la pobresa energ\u00e8tica per con\u00e8ixer si \u00e9s una problem\u00e0tica<span class=\"more-link\"><a href=\"https:\/\/www.fundacionnaturgy.org\/ca\/publicacion\/comprenent-la-pobresa-energetica-una-analisi-de-la-persistencia\/\">Llegir m\u00e9s<\/a><\/span><\/p>\n","protected":false},"featured_media":91046,"template":"","meta":{"inline_featured_image":false},"categories":[1209],"content-type":[1166,1169],"product_tag":[],"acf":[],"post_class":["post-91114","product","type-product","status-publish","has-post-thumbnail","hentry","category-vulnerabilitat-energetica","content-type-articles-e-informes","content-type-videos","wordpress-sticky"],"_links":{"self":[{"href":"https:\/\/www.fundacionnaturgy.org\/ca\/wp-json\/wp\/v2\/product\/91114"}],"collection":[{"href":"https:\/\/www.fundacionnaturgy.org\/ca\/wp-json\/wp\/v2\/product"}],"about":[{"href":"https:\/\/www.fundacionnaturgy.org\/ca\/wp-json\/wp\/v2\/types\/product"}],"wp:featuredmedia":[{"embeddable":true,"href":"https:\/\/www.fundacionnaturgy.org\/ca\/wp-json\/wp\/v2\/media\/91046"}],"wp:attachment":[{"href":"https:\/\/www.fundacionnaturgy.org\/ca\/wp-json\/wp\/v2\/media?parent=91114"}],"wp:term":[{"taxonomy":"category","embeddable":true,"href":"https:\/\/www.fundacionnaturgy.org\/ca\/wp-json\/wp\/v2\/categories?post=91114"},{"taxonomy":"content-type","embeddable":true,"href":"https:\/\/www.fundacionnaturgy.org\/ca\/wp-json\/wp\/v2\/content-type?post=91114"},{"taxonomy":"product_tag","embeddable":true,"href":"https:\/\/www.fundacionnaturgy.org\/ca\/wp-json\/wp\/v2\/product_tag?post=91114"}],"curies":[{"name":"wp","href":"https:\/\/api.w.org\/{rel}","templated":true}]}}