{"id":92061,"date":"2025-03-24T09:24:07","date_gmt":"2025-03-24T08:24:07","guid":{"rendered":"https:\/\/www.fundacionnaturgy.org\/?post_type=product&#038;p=92061"},"modified":"2025-04-02T14:59:56","modified_gmt":"2025-04-02T12:59:56","slug":"gasos-renovables-tecnologies-usos-i-beneficis","status":"publish","type":"product","link":"https:\/\/www.fundacionnaturgy.org\/ca\/publicacion\/gasos-renovables-tecnologies-usos-i-beneficis\/","title":{"rendered":"Gasos Renovables: tecnologies, usos i beneficis"},"content":{"rendered":"<p><span style=\"color: #e57200;\"><strong>Versi\u00f3\u00a0revisada i actualitzada<\/strong><\/span><\/p>\n<p>En el marc del seu comprom\u00eds amb la formaci\u00f3 i la divulgaci\u00f3 al sector energ\u00e8tic, Fundaci\u00f3 Naturgy presenta la revisi\u00f3 actualitzada de &#8220;Gasos Renovables: Tecnologies, Usos i Beneficis&#8221;, una publicaci\u00f3 elaborada en col\u00b7laboraci\u00f3 amb experts del sector.<\/p>\n<p>Aquesta guia proporciona recursos teoricopr\u00e0ctics clau per comprendre el paper estrat\u00e8gic dels gasos renovables en la transici\u00f3 energ\u00e8tica i el seu impacte en un model m\u00e9s sostenible. Al llarg dels seus cap\u00edtols, s&#8217;analitzen tecnologies per a la producci\u00f3 de biog\u00e0s i biomet\u00e0, aplicacions industrials i la seva contribuci\u00f3 a la descarbonitzaci\u00f3, beneficis mediambientals i reguladors a Espanya i Europa, aix\u00ed com innovacions i tend\u00e8ncies que estan transformant el sector.<\/p>\n<p>La formaci\u00f3 en mat\u00e8ria de gasos renovables \u00e9s un factor clau per impulsar-ne el creixement i generar noves oportunitats d&#8217;ocupaci\u00f3 dins una justa transici\u00f3 energ\u00e8tica.<\/p>\n<p>Aquesta publicaci\u00f3 s&#8217;integra dins del cat\u00e0leg de materials did\u00e0ctics de Fundaci\u00f3 Naturgy i \u00e9s una eina de suport al curs de Gasos Renovables, disponible al Campus Formatiu de FP, dirigit tant a professionals del sector com a estudiants que busquen especialitzar-se en aquest \u00e0mbit clau per al futur energ\u00e8tic.<\/p>\n","protected":false},"excerpt":{"rendered":"<p>Versi\u00f3\u00a0revisada i actualitzada En el marc del seu comprom\u00eds amb la formaci\u00f3 i la divulgaci\u00f3 al sector energ\u00e8tic, Fundaci\u00f3 Naturgy presenta la revisi\u00f3 actualitzada de &#8220;Gasos Renovables: Tecnologies, Usos i<span class=\"more-link\"><a href=\"https:\/\/www.fundacionnaturgy.org\/ca\/publicacion\/gasos-renovables-tecnologies-usos-i-beneficis\/\">Llegir m\u00e9s<\/a><\/span><\/p>\n","protected":false},"featured_media":91841,"template":"","meta":{"inline_featured_image":false},"categories":[242,1202,1208],"content-type":[1166],"product_tag":[],"acf":[],"post_class":["post-92061","product","type-product","status-publish","has-post-thumbnail","hentry","category-educacio-divulgacio","category-energies-renovables","category-transicio-energetica","content-type-articles-e-informes","wordpress-sticky"],"_links":{"self":[{"href":"https:\/\/www.fundacionnaturgy.org\/ca\/wp-json\/wp\/v2\/product\/92061"}],"collection":[{"href":"https:\/\/www.fundacionnaturgy.org\/ca\/wp-json\/wp\/v2\/product"}],"about":[{"href":"https:\/\/www.fundacionnaturgy.org\/ca\/wp-json\/wp\/v2\/types\/product"}],"wp:featuredmedia":[{"embeddable":true,"href":"https:\/\/www.fundacionnaturgy.org\/ca\/wp-json\/wp\/v2\/media\/91841"}],"wp:attachment":[{"href":"https:\/\/www.fundacionnaturgy.org\/ca\/wp-json\/wp\/v2\/media?parent=92061"}],"wp:term":[{"taxonomy":"category","embeddable":true,"href":"https:\/\/www.fundacionnaturgy.org\/ca\/wp-json\/wp\/v2\/categories?post=92061"},{"taxonomy":"content-type","embeddable":true,"href":"https:\/\/www.fundacionnaturgy.org\/ca\/wp-json\/wp\/v2\/content-type?post=92061"},{"taxonomy":"product_tag","embeddable":true,"href":"https:\/\/www.fundacionnaturgy.org\/ca\/wp-json\/wp\/v2\/product_tag?post=92061"}],"curies":[{"name":"wp","href":"https:\/\/api.w.org\/{rel}","templated":true}]}}