{"id":92063,"date":"2025-03-14T08:26:01","date_gmt":"2025-03-14T07:26:01","guid":{"rendered":"https:\/\/www.fundacionnaturgy.org\/?post_type=product&#038;p=92063"},"modified":"2025-04-02T15:46:58","modified_gmt":"2025-04-02T13:46:58","slug":"el-pacte-industrial-net-un-full-de-ruta-compartit-per-a-la-competitivitat-i-la-descarbonitzacio","status":"publish","type":"product","link":"https:\/\/www.fundacionnaturgy.org\/ca\/publicacion\/el-pacte-industrial-net-un-full-de-ruta-compartit-per-a-la-competitivitat-i-la-descarbonitzacio\/","title":{"rendered":"El Pacte Industrial Net. Un full de ruta compartit per a la competitivitat i la descarbonitzaci\u00f3"},"content":{"rendered":"<p><strong>El Pacte Industrial Net. Un full de ruta compartit per a la competitivitat i la descarbonitzaci\u00f3<\/strong>, elaborat per Christopher Jones, professor de l&#8217;Escola de Regulaci\u00f3 de Flor\u00e8ncia, que resumeix les primeres accions comunicades per la Comissi\u00f3 Europea.<\/p>\n","protected":false},"excerpt":{"rendered":"<p>El Pacte Industrial Net. Un full de ruta compartit per a la competitivitat i la descarbonitzaci\u00f3, elaborat per Christopher Jones, professor de l&#8217;Escola de Regulaci\u00f3 de Flor\u00e8ncia, que resumeix les<span class=\"more-link\"><a href=\"https:\/\/www.fundacionnaturgy.org\/ca\/publicacion\/el-pacte-industrial-net-un-full-de-ruta-compartit-per-a-la-competitivitat-i-la-descarbonitzacio\/\">Llegir m\u00e9s<\/a><\/span><\/p>\n","protected":false},"featured_media":91927,"template":"","meta":{"inline_featured_image":false},"categories":[1233,1205,1208],"content-type":[1166,1169],"product_tag":[],"acf":[],"post_class":["post-92063","product","type-product","status-publish","has-post-thumbnail","hentry","category-energia-ca","category-medi-ambient","category-transicio-energetica","content-type-articles-e-informes","content-type-videos","wordpress-sticky"],"_links":{"self":[{"href":"https:\/\/www.fundacionnaturgy.org\/ca\/wp-json\/wp\/v2\/product\/92063"}],"collection":[{"href":"https:\/\/www.fundacionnaturgy.org\/ca\/wp-json\/wp\/v2\/product"}],"about":[{"href":"https:\/\/www.fundacionnaturgy.org\/ca\/wp-json\/wp\/v2\/types\/product"}],"wp:featuredmedia":[{"embeddable":true,"href":"https:\/\/www.fundacionnaturgy.org\/ca\/wp-json\/wp\/v2\/media\/91927"}],"wp:attachment":[{"href":"https:\/\/www.fundacionnaturgy.org\/ca\/wp-json\/wp\/v2\/media?parent=92063"}],"wp:term":[{"taxonomy":"category","embeddable":true,"href":"https:\/\/www.fundacionnaturgy.org\/ca\/wp-json\/wp\/v2\/categories?post=92063"},{"taxonomy":"content-type","embeddable":true,"href":"https:\/\/www.fundacionnaturgy.org\/ca\/wp-json\/wp\/v2\/content-type?post=92063"},{"taxonomy":"product_tag","embeddable":true,"href":"https:\/\/www.fundacionnaturgy.org\/ca\/wp-json\/wp\/v2\/product_tag?post=92063"}],"curies":[{"name":"wp","href":"https:\/\/api.w.org\/{rel}","templated":true}]}}