{"id":92909,"date":"2025-07-04T09:23:10","date_gmt":"2025-07-04T07:23:10","guid":{"rendered":"https:\/\/www.fundacionnaturgy.org\/?post_type=product&#038;p=92909"},"modified":"2025-07-04T12:21:17","modified_gmt":"2025-07-04T10:21:17","slug":"gestio-del-co%e2%82%82-atmosferic-una-introduccio-a-les-tecnologies","status":"publish","type":"product","link":"https:\/\/www.fundacionnaturgy.org\/ca\/publicacion\/gestio-del-co%e2%82%82-atmosferic-una-introduccio-a-les-tecnologies\/","title":{"rendered":"Gesti\u00f3 del CO\u2082 atmosf\u00e8ric: una introducci\u00f3 a les tecnologies"},"content":{"rendered":"<p>Aquest treball analitza les principals cadenes tecnol\u00f2giques per a la captura, utilitzaci\u00f3 i emmagatzematge de carboni, destacant-ne el paper en la transici\u00f3 energ\u00e8tica i el seu potencial per contribuir a la descarbonitzaci\u00f3 industrial. El document aborda tamb\u00e9 els beneficis clim\u00e0tics, el grau de desenvolupament i les perspectives d&#8217;implementaci\u00f3 en diferents contextos geogr\u00e0fics.<\/p>\n","protected":false},"excerpt":{"rendered":"<p>Aquest treball analitza les principals cadenes tecnol\u00f2giques per a la captura, utilitzaci\u00f3 i emmagatzematge de carboni, destacant-ne el paper en la transici\u00f3 energ\u00e8tica i el seu potencial per contribuir a<span class=\"more-link\"><a href=\"https:\/\/www.fundacionnaturgy.org\/ca\/publicacion\/gestio-del-co%e2%82%82-atmosferic-una-introduccio-a-les-tecnologies\/\">Llegir m\u00e9s<\/a><\/span><\/p>\n","protected":false},"featured_media":92758,"template":"","meta":{"inline_featured_image":false},"categories":[1233,1202,1205,1208],"content-type":[1166,1169],"product_tag":[],"acf":[],"post_class":["post-92909","product","type-product","status-publish","has-post-thumbnail","hentry","category-energia-ca","category-energies-renovables","category-medi-ambient","category-transicio-energetica","content-type-articles-e-informes","content-type-videos","wordpress-sticky"],"_links":{"self":[{"href":"https:\/\/www.fundacionnaturgy.org\/ca\/wp-json\/wp\/v2\/product\/92909"}],"collection":[{"href":"https:\/\/www.fundacionnaturgy.org\/ca\/wp-json\/wp\/v2\/product"}],"about":[{"href":"https:\/\/www.fundacionnaturgy.org\/ca\/wp-json\/wp\/v2\/types\/product"}],"wp:featuredmedia":[{"embeddable":true,"href":"https:\/\/www.fundacionnaturgy.org\/ca\/wp-json\/wp\/v2\/media\/92758"}],"wp:attachment":[{"href":"https:\/\/www.fundacionnaturgy.org\/ca\/wp-json\/wp\/v2\/media?parent=92909"}],"wp:term":[{"taxonomy":"category","embeddable":true,"href":"https:\/\/www.fundacionnaturgy.org\/ca\/wp-json\/wp\/v2\/categories?post=92909"},{"taxonomy":"content-type","embeddable":true,"href":"https:\/\/www.fundacionnaturgy.org\/ca\/wp-json\/wp\/v2\/content-type?post=92909"},{"taxonomy":"product_tag","embeddable":true,"href":"https:\/\/www.fundacionnaturgy.org\/ca\/wp-json\/wp\/v2\/product_tag?post=92909"}],"curies":[{"name":"wp","href":"https:\/\/api.w.org\/{rel}","templated":true}]}}