{"id":92985,"date":"2025-07-07T13:36:53","date_gmt":"2025-07-07T11:36:53","guid":{"rendered":"https:\/\/www.fundacionnaturgy.org\/?post_type=product&#038;p=92985"},"modified":"2025-07-14T10:26:10","modified_gmt":"2025-07-14T08:26:10","slug":"percepcions-juvenils-sobre-energia-i-sostenibilitat-a-espanya","status":"publish","type":"product","link":"https:\/\/www.fundacionnaturgy.org\/ca\/publicacion\/percepcions-juvenils-sobre-energia-i-sostenibilitat-a-espanya\/","title":{"rendered":"Percepcions juvenils sobre energia i sostenibilitat a Espanya"},"content":{"rendered":"<p>L&#8217;estudi analitza el coneixement, la desinformaci\u00f3 i el comprom\u00eds de la poblaci\u00f3, entre els 15 i els 19 anys a Espanya, en l&#8217;\u00e0mbit de la sostenibilitat, el medi ambient i l&#8217;energia. Mitjan\u00e7ant un abordatge metodol\u00f2gic triangulat, compost per revisi\u00f3 documental, escolta en l\u00ednia i enquestes, aquest informe in\u00e8dit permet identificar els principals focus de desinformaci\u00f3, aix\u00ed com dimensiona les actituds, la percepci\u00f3 i la permeabilitat d&#8217;informacions falses sobre l&#8217;emerg\u00e8ncia clim\u00e0tica a l&#8217;imaginari juvenil. Els resultats i l&#8217;an\u00e0lisi oferiran les eines necess\u00e0ries per elaborar diagn\u00f2stics per dissenyar programes de prevenci\u00f3, aix\u00ed com de sensibilitzaci\u00f3, amb l&#8217;objectiu d&#8217;implementar pol\u00edtiques p\u00fabliques capaces de mitigar aquest biaix.<\/p>\n","protected":false},"excerpt":{"rendered":"<p>L&#8217;estudi analitza el coneixement, la desinformaci\u00f3 i el comprom\u00eds de la poblaci\u00f3, entre els 15 i els 19 anys a Espanya, en l&#8217;\u00e0mbit de la sostenibilitat, el medi ambient i<span class=\"more-link\"><a href=\"https:\/\/www.fundacionnaturgy.org\/ca\/publicacion\/percepcions-juvenils-sobre-energia-i-sostenibilitat-a-espanya\/\">Llegir m\u00e9s<\/a><\/span><\/p>\n","protected":false},"featured_media":92136,"template":"","meta":{"inline_featured_image":false},"categories":[242],"content-type":[1168,1169],"product_tag":[],"acf":[],"post_class":["post-92985","product","type-product","status-publish","has-post-thumbnail","hentry","category-educacio-divulgacio","content-type-llibres","content-type-videos","wordpress-sticky"],"_links":{"self":[{"href":"https:\/\/www.fundacionnaturgy.org\/ca\/wp-json\/wp\/v2\/product\/92985"}],"collection":[{"href":"https:\/\/www.fundacionnaturgy.org\/ca\/wp-json\/wp\/v2\/product"}],"about":[{"href":"https:\/\/www.fundacionnaturgy.org\/ca\/wp-json\/wp\/v2\/types\/product"}],"wp:featuredmedia":[{"embeddable":true,"href":"https:\/\/www.fundacionnaturgy.org\/ca\/wp-json\/wp\/v2\/media\/92136"}],"wp:attachment":[{"href":"https:\/\/www.fundacionnaturgy.org\/ca\/wp-json\/wp\/v2\/media?parent=92985"}],"wp:term":[{"taxonomy":"category","embeddable":true,"href":"https:\/\/www.fundacionnaturgy.org\/ca\/wp-json\/wp\/v2\/categories?post=92985"},{"taxonomy":"content-type","embeddable":true,"href":"https:\/\/www.fundacionnaturgy.org\/ca\/wp-json\/wp\/v2\/content-type?post=92985"},{"taxonomy":"product_tag","embeddable":true,"href":"https:\/\/www.fundacionnaturgy.org\/ca\/wp-json\/wp\/v2\/product_tag?post=92985"}],"curies":[{"name":"wp","href":"https:\/\/api.w.org\/{rel}","templated":true}]}}